{"id":543,"date":"2018-11-27T09:17:42","date_gmt":"2018-11-27T11:17:42","guid":{"rendered":"http:\/\/ppprint.institucional.ws\/?page_id=543"},"modified":"2025-09-17T16:33:13","modified_gmt":"2025-09-17T19:33:13","slug":"sustentabilidade","status":"publish","type":"page","link":"https:\/\/ppprint.com.br\/?page_id=543","title":{"rendered":"Sustentabilidade"},"content":{"rendered":"\t\t<div data-elementor-type=\"wp-post\" data-elementor-id=\"543\" class=\"elementor elementor-543\">\n\t\t\t\t\t\t\t\t\t<section class=\"elementor-section elementor-top-section elementor-element elementor-element-9508d1f elementor-section-boxed elementor-section-height-default elementor-section-height-default\" data-id=\"9508d1f\" data-element_type=\"section\">\n\t\t\t\t\t\t<div class=\"elementor-container elementor-column-gap-default\">\n\t\t\t\t\t<div class=\"elementor-column elementor-col-100 elementor-top-column elementor-element elementor-element-f30b51e\" data-id=\"f30b51e\" data-element_type=\"column\">\n\t\t\t<div class=\"elementor-widget-wrap elementor-element-populated\">\n\t\t\t\t\t\t\t\t<div class=\"elementor-element elementor-element-c09d7d4 elementor-widget elementor-widget-image\" data-id=\"c09d7d4\" data-element_type=\"widget\" data-widget_type=\"image.default\">\n\t\t\t\t<div class=\"elementor-widget-container\">\n\t\t\t<style>\/*! elementor - v3.12.1 - 02-04-2023 *\/\n.elementor-widget-image{text-align:center}.elementor-widget-image a{display:inline-block}.elementor-widget-image a img[src$=\".svg\"]{width:48px}.elementor-widget-image img{vertical-align:middle;display:inline-block}<\/style>\t\t\t\t\t\t\t\t\t\t\t\t<img decoding=\"async\" width=\"1471\" height=\"720\" src=\"https:\/\/ppprint.com.br\/wp-content\/uploads\/2021\/09\/WhatsApp-Image-2021-08-11-at-11.32.38-1-1.jpeg\" class=\"attachment-full size-full wp-image-883\" alt=\"\" loading=\"lazy\" srcset=\"https:\/\/ppprint.com.br\/wp-content\/uploads\/2021\/09\/WhatsApp-Image-2021-08-11-at-11.32.38-1-1.jpeg 1471w, https:\/\/ppprint.com.br\/wp-content\/uploads\/2021\/09\/WhatsApp-Image-2021-08-11-at-11.32.38-1-1-300x147.jpeg 300w, https:\/\/ppprint.com.br\/wp-content\/uploads\/2021\/09\/WhatsApp-Image-2021-08-11-at-11.32.38-1-1-1024x501.jpeg 1024w, https:\/\/ppprint.com.br\/wp-content\/uploads\/2021\/09\/WhatsApp-Image-2021-08-11-at-11.32.38-1-1-768x376.jpeg 768w\" sizes=\"(max-width: 1471px) 100vw, 1471px\" \/>\t\t\t\t\t\t\t\t\t\t\t\t\t\t\t<\/div>\n\t\t\t\t<\/div>\n\t\t\t\t\t<\/div>\n\t\t<\/div>\n\t\t\t\t\t\t\t<\/div>\n\t\t<\/section>\n\t\t\t\t<section class=\"elementor-section elementor-top-section elementor-element elementor-element-8262e30 elementor-section-content-middle elementor-section-boxed elementor-section-height-default elementor-section-height-default\" data-id=\"8262e30\" data-element_type=\"section\" data-settings=\"{&quot;background_background&quot;:&quot;classic&quot;}\">\n\t\t\t\t\t\t\t<div class=\"elementor-background-overlay\"><\/div>\n\t\t\t\t\t\t\t<div class=\"elementor-container elementor-column-gap-no\">\n\t\t\t\t\t<div class=\"elementor-column elementor-col-100 elementor-top-column elementor-element elementor-element-da6ae65\" data-id=\"da6ae65\" data-element_type=\"column\">\n\t\t\t<div class=\"elementor-widget-wrap elementor-element-populated\">\n\t\t\t\t\t\t\t\t<div class=\"elementor-element elementor-element-13906dc elementor-widget elementor-widget-heading\" data-id=\"13906dc\" data-element_type=\"widget\" data-widget_type=\"heading.default\">\n\t\t\t\t<div class=\"elementor-widget-container\">\n\t\t\t<style>\/*! elementor - v3.12.1 - 02-04-2023 *\/\n.elementor-heading-title{padding:0;margin:0;line-height:1}.elementor-widget-heading .elementor-heading-title[class*=elementor-size-]>a{color:inherit;font-size:inherit;line-height:inherit}.elementor-widget-heading .elementor-heading-title.elementor-size-small{font-size:15px}.elementor-widget-heading .elementor-heading-title.elementor-size-medium{font-size:19px}.elementor-widget-heading .elementor-heading-title.elementor-size-large{font-size:29px}.elementor-widget-heading .elementor-heading-title.elementor-size-xl{font-size:39px}.elementor-widget-heading .elementor-heading-title.elementor-size-xxl{font-size:59px}<\/style><h2 class=\"elementor-heading-title elementor-size-default\">atua\u00e7\u00e3o com responsabilidade<\/h2>\t\t<\/div>\n\t\t\t\t<\/div>\n\t\t\t\t<div class=\"elementor-element elementor-element-dc11ff2 elementor-widget elementor-widget-text-editor\" data-id=\"dc11ff2\" data-element_type=\"widget\" data-widget_type=\"text-editor.default\">\n\t\t\t\t<div class=\"elementor-widget-container\">\n\t\t\t<style>\/*! elementor - v3.12.1 - 02-04-2023 *\/\n.elementor-widget-text-editor.elementor-drop-cap-view-stacked .elementor-drop-cap{background-color:#69727d;color:#fff}.elementor-widget-text-editor.elementor-drop-cap-view-framed .elementor-drop-cap{color:#69727d;border:3px solid;background-color:transparent}.elementor-widget-text-editor:not(.elementor-drop-cap-view-default) .elementor-drop-cap{margin-top:8px}.elementor-widget-text-editor:not(.elementor-drop-cap-view-default) .elementor-drop-cap-letter{width:1em;height:1em}.elementor-widget-text-editor .elementor-drop-cap{float:left;text-align:center;line-height:1;font-size:50px}.elementor-widget-text-editor .elementor-drop-cap-letter{display:inline-block}<\/style>\t\t\t\t<h3>A PP Print Embalagens <strong>atua de forma sustent\u00e1vel respeitando a comunidade, os recursos naturais e o meio ambiente<\/strong>, sempre pensando no legado para \u00e0s gera\u00e7\u00f5es futuras.<\/h3><h5>Nossas <strong>a\u00e7\u00f5es:<\/strong><\/h5><p><img decoding=\"async\" loading=\"lazy\" class=\"alignnone wp-image-966\" src=\"http:\/\/ppprint.institucional.ws\/wp-content\/uploads\/2021\/09\/folha-295x300.png\" alt=\"\" width=\"25\" height=\"25\" srcset=\"https:\/\/ppprint.com.br\/wp-content\/uploads\/2021\/09\/folha-295x300.png 295w, https:\/\/ppprint.com.br\/wp-content\/uploads\/2021\/09\/folha-150x150.png 150w, https:\/\/ppprint.com.br\/wp-content\/uploads\/2021\/09\/folha.png 322w\" sizes=\"(max-width: 25px) 100vw, 25px\" \/> Atuamos dentro das legisla\u00e7\u00f5es aplic\u00e1veis;<\/p><p><span style=\"font-size: 16px;\"><img decoding=\"async\" loading=\"lazy\" class=\"alignnone wp-image-966\" src=\"http:\/\/ppprint.institucional.ws\/wp-content\/uploads\/2021\/09\/folha-295x300.png\" alt=\"\" width=\"25\" height=\"25\" srcset=\"https:\/\/ppprint.com.br\/wp-content\/uploads\/2021\/09\/folha-295x300.png 295w, https:\/\/ppprint.com.br\/wp-content\/uploads\/2021\/09\/folha-150x150.png 150w, https:\/\/ppprint.com.br\/wp-content\/uploads\/2021\/09\/folha.png 322w\" sizes=\"(max-width: 25px) 100vw, 25px\" \/> Realizamos coleta seletiva em toda a \u00e1rea da empresa; <\/span><\/p><p><span style=\"font-size: 16px;\"><img decoding=\"async\" loading=\"lazy\" class=\"alignnone wp-image-966\" src=\"http:\/\/ppprint.institucional.ws\/wp-content\/uploads\/2021\/09\/folha-295x300.png\" alt=\"\" width=\"25\" height=\"25\" srcset=\"https:\/\/ppprint.com.br\/wp-content\/uploads\/2021\/09\/folha-295x300.png 295w, https:\/\/ppprint.com.br\/wp-content\/uploads\/2021\/09\/folha-150x150.png 150w, https:\/\/ppprint.com.br\/wp-content\/uploads\/2021\/09\/folha.png 322w\" sizes=\"(max-width: 25px) 100vw, 25px\" \/> Utilizamos fontes renov\u00e1veis de energia; <\/span><\/p><p><span style=\"font-size: 16px;\"><img decoding=\"async\" loading=\"lazy\" class=\"alignnone wp-image-966\" src=\"http:\/\/ppprint.institucional.ws\/wp-content\/uploads\/2021\/09\/folha-295x300.png\" alt=\"\" width=\"25\" height=\"25\" srcset=\"https:\/\/ppprint.com.br\/wp-content\/uploads\/2021\/09\/folha-295x300.png 295w, https:\/\/ppprint.com.br\/wp-content\/uploads\/2021\/09\/folha-150x150.png 150w, https:\/\/ppprint.com.br\/wp-content\/uploads\/2021\/09\/folha.png 322w\" sizes=\"(max-width: 25px) 100vw, 25px\" \/> Possu\u00edmos capta\u00e7\u00e3o de \u00e1gua pluvial;<\/span><\/p>\t\t\t\t\t\t<\/div>\n\t\t\t\t<\/div>\n\t\t\t\t\t<\/div>\n\t\t<\/div>\n\t\t\t\t\t\t\t<\/div>\n\t\t<\/section>\n\t\t\t\t<section class=\"elementor-section elementor-top-section elementor-element elementor-element-981c27d elementor-section-content-middle elementor-section-boxed elementor-section-height-default elementor-section-height-default\" data-id=\"981c27d\" data-element_type=\"section\" data-settings=\"{&quot;background_background&quot;:&quot;classic&quot;}\">\n\t\t\t\t\t\t\t<div class=\"elementor-background-overlay\"><\/div>\n\t\t\t\t\t\t\t<div class=\"elementor-container elementor-column-gap-no\">\n\t\t\t\t\t<div class=\"elementor-column elementor-col-100 elementor-top-column elementor-element elementor-element-1831b66\" data-id=\"1831b66\" data-element_type=\"column\">\n\t\t\t<div class=\"elementor-widget-wrap elementor-element-populated\">\n\t\t\t\t\t\t\t\t<div class=\"elementor-element elementor-element-5ae9d55 elementor-widget elementor-widget-heading\" data-id=\"5ae9d55\" data-element_type=\"widget\" data-widget_type=\"heading.default\">\n\t\t\t\t<div class=\"elementor-widget-container\">\n\t\t\t<h2 class=\"elementor-heading-title elementor-size-default\">Mais a\u00e7\u00f5es de sustentabilidade<\/h2>\t\t<\/div>\n\t\t\t\t<\/div>\n\t\t\t\t<div class=\"elementor-element elementor-element-6fecb3a elementor-pagination-position-outside elementor-widget elementor-widget-image-carousel\" data-id=\"6fecb3a\" data-element_type=\"widget\" data-settings=\"{&quot;slides_to_show&quot;:&quot;3&quot;,&quot;slides_to_scroll&quot;:&quot;1&quot;,&quot;navigation&quot;:&quot;dots&quot;,&quot;slides_to_show_tablet&quot;:&quot;2&quot;,&quot;slides_to_show_mobile&quot;:&quot;1&quot;,&quot;autoplay&quot;:&quot;no&quot;,&quot;infinite&quot;:&quot;yes&quot;,&quot;speed&quot;:500,&quot;image_spacing_custom&quot;:{&quot;unit&quot;:&quot;px&quot;,&quot;size&quot;:20,&quot;sizes&quot;:[]},&quot;image_spacing_custom_tablet&quot;:{&quot;unit&quot;:&quot;px&quot;,&quot;size&quot;:&quot;&quot;,&quot;sizes&quot;:[]}}\" data-widget_type=\"image-carousel.default\">\n\t\t\t\t<div class=\"elementor-widget-container\">\n\t\t\t<style>\/*! elementor - v3.12.1 - 02-04-2023 *\/\n.elementor-widget-image-carousel .swiper,.elementor-widget-image-carousel .swiper-container{position:static}.elementor-widget-image-carousel .swiper-container .swiper-slide figure,.elementor-widget-image-carousel .swiper .swiper-slide figure{line-height:inherit}.elementor-widget-image-carousel .swiper-slide{text-align:center}.elementor-image-carousel-wrapper:not(.swiper-container-initialized) .swiper-slide,.elementor-image-carousel-wrapper:not(.swiper-initialized) .swiper-slide{max-width:calc(100% \/ var(--e-image-carousel-slides-to-show, 3))}<\/style>\t\t<div class=\"elementor-image-carousel-wrapper swiper-container\" dir=\"ltr\">\n\t\t\t<div class=\"elementor-image-carousel swiper-wrapper swiper-image-stretch\">\n\t\t\t\t\t\t\t\t<div class=\"swiper-slide\"><figure class=\"swiper-slide-inner\"><img decoding=\"async\" class=\"swiper-slide-image\" src=\"https:\/\/ppprint.com.br\/wp-content\/uploads\/2021\/09\/IMG-20210910-WA0008-150x150.jpg\" alt=\"IMG-20210910-WA0008\" \/><\/figure><\/div><div class=\"swiper-slide\"><figure class=\"swiper-slide-inner\"><img decoding=\"async\" class=\"swiper-slide-image\" src=\"https:\/\/ppprint.com.br\/wp-content\/uploads\/2021\/09\/IMG-20210910-WA0005-150x150.jpg\" alt=\"IMG-20210910-WA0005\" \/><\/figure><\/div><div class=\"swiper-slide\"><figure class=\"swiper-slide-inner\"><img decoding=\"async\" class=\"swiper-slide-image\" src=\"https:\/\/ppprint.com.br\/wp-content\/uploads\/2021\/12\/Imagem1-150x150.jpg\" alt=\"Imagem1\" \/><\/figure><\/div>\t\t\t<\/div>\n\t\t\t\t\t\t\t\t\t\t\t\t<div class=\"swiper-pagination\"><\/div>\n\t\t\t\t\t\t\t\t\t\t\t\t\t<\/div>\n\t\t\t\t<\/div>\n\t\t\t\t<\/div>\n\t\t\t\t<div class=\"elementor-element elementor-element-fc0bf7c elementor-widget elementor-widget-text-editor\" data-id=\"fc0bf7c\" data-element_type=\"widget\" data-widget_type=\"text-editor.default\">\n\t\t\t\t<div class=\"elementor-widget-container\">\n\t\t\t\t\t\t\t<p><img decoding=\"async\" loading=\"lazy\" class=\"alignnone wp-image-966\" src=\"http:\/\/ppprint.institucional.ws\/wp-content\/uploads\/2021\/09\/folha-295x300.png\" alt=\"\" width=\"25\" height=\"25\" srcset=\"https:\/\/ppprint.com.br\/wp-content\/uploads\/2021\/09\/folha-295x300.png 295w, https:\/\/ppprint.com.br\/wp-content\/uploads\/2021\/09\/folha-150x150.png 150w, https:\/\/ppprint.com.br\/wp-content\/uploads\/2021\/09\/folha.png 322w\" sizes=\"(max-width: 25px) 100vw, 25px\" \/> Praticamos o consumo consciente de \u00e1gua;<\/p><p><span style=\"font-size: 16px;\"><img decoding=\"async\" loading=\"lazy\" class=\"alignnone wp-image-966\" src=\"http:\/\/ppprint.institucional.ws\/wp-content\/uploads\/2021\/09\/folha-295x300.png\" alt=\"\" width=\"25\" height=\"25\" srcset=\"https:\/\/ppprint.com.br\/wp-content\/uploads\/2021\/09\/folha-295x300.png 295w, https:\/\/ppprint.com.br\/wp-content\/uploads\/2021\/09\/folha-150x150.png 150w, https:\/\/ppprint.com.br\/wp-content\/uploads\/2021\/09\/folha.png 322w\" sizes=\"(max-width: 25px) 100vw, 25px\" \/> Realizamos a recupera\u00e7\u00e3o dos res\u00edduos industriais; <\/span><\/p><p><span style=\"font-size: 16px;\"><img decoding=\"async\" loading=\"lazy\" class=\"alignnone wp-image-966\" src=\"http:\/\/ppprint.institucional.ws\/wp-content\/uploads\/2021\/09\/folha-295x300.png\" alt=\"\" width=\"25\" height=\"25\" srcset=\"https:\/\/ppprint.com.br\/wp-content\/uploads\/2021\/09\/folha-295x300.png 295w, https:\/\/ppprint.com.br\/wp-content\/uploads\/2021\/09\/folha-150x150.png 150w, https:\/\/ppprint.com.br\/wp-content\/uploads\/2021\/09\/folha.png 322w\" sizes=\"(max-width: 25px) 100vw, 25px\" \/> B<\/span><span style=\"font-size: 16px;\">uscamos a\u00e7\u00f5es cont\u00ednuas para redu\u00e7\u00e3o dos res\u00edduos p\u00f3s-consumo; <\/span><\/p><p><span style=\"font-size: 16px;\"><img decoding=\"async\" loading=\"lazy\" class=\"alignnone wp-image-966\" src=\"http:\/\/ppprint.institucional.ws\/wp-content\/uploads\/2021\/09\/folha-295x300.png\" alt=\"\" width=\"25\" height=\"25\" srcset=\"https:\/\/ppprint.com.br\/wp-content\/uploads\/2021\/09\/folha-295x300.png 295w, https:\/\/ppprint.com.br\/wp-content\/uploads\/2021\/09\/folha-150x150.png 150w, https:\/\/ppprint.com.br\/wp-content\/uploads\/2021\/09\/folha.png 322w\" sizes=\"(max-width: 25px) 100vw, 25px\" \/> Realizamos o plantio de \u00e1rvores nativa em nossa f\u00e1brica;<\/span><\/p><p><span style=\"font-size: 16px;\"><img decoding=\"async\" loading=\"lazy\" class=\"alignnone wp-image-966\" src=\"http:\/\/ppprint.institucional.ws\/wp-content\/uploads\/2021\/09\/folha-295x300.png\" alt=\"\" width=\"25\" height=\"25\" srcset=\"https:\/\/ppprint.com.br\/wp-content\/uploads\/2021\/09\/folha-295x300.png 295w, https:\/\/ppprint.com.br\/wp-content\/uploads\/2021\/09\/folha-150x150.png 150w, https:\/\/ppprint.com.br\/wp-content\/uploads\/2021\/09\/folha.png 322w\" sizes=\"(max-width: 25px) 100vw, 25px\" \/> Treinamos e incentivamos nossa equipe para as boas pr\u00e1ticas ambientais e sociais; <\/span><\/p><p><span style=\"font-size: 16px;\"><img decoding=\"async\" loading=\"lazy\" class=\"alignnone wp-image-966\" src=\"http:\/\/ppprint.institucional.ws\/wp-content\/uploads\/2021\/09\/folha-295x300.png\" alt=\"\" width=\"25\" height=\"25\" srcset=\"https:\/\/ppprint.com.br\/wp-content\/uploads\/2021\/09\/folha-295x300.png 295w, https:\/\/ppprint.com.br\/wp-content\/uploads\/2021\/09\/folha-150x150.png 150w, https:\/\/ppprint.com.br\/wp-content\/uploads\/2021\/09\/folha.png 322w\" sizes=\"(max-width: 25px) 100vw, 25px\" \/> Realizamos a\u00e7\u00f5es na comunidade local.<\/span><\/p>\t\t\t\t\t\t<\/div>\n\t\t\t\t<\/div>\n\t\t\t\t<div class=\"elementor-element elementor-element-f44f54a elementor-pagination-position-outside elementor-widget elementor-widget-image-carousel\" data-id=\"f44f54a\" data-element_type=\"widget\" data-settings=\"{&quot;slides_to_show&quot;:&quot;3&quot;,&quot;slides_to_scroll&quot;:&quot;1&quot;,&quot;navigation&quot;:&quot;dots&quot;,&quot;slides_to_show_tablet&quot;:&quot;2&quot;,&quot;slides_to_show_mobile&quot;:&quot;1&quot;,&quot;autoplay&quot;:&quot;no&quot;,&quot;infinite&quot;:&quot;yes&quot;,&quot;speed&quot;:500,&quot;image_spacing_custom&quot;:{&quot;unit&quot;:&quot;px&quot;,&quot;size&quot;:20,&quot;sizes&quot;:[]},&quot;image_spacing_custom_tablet&quot;:{&quot;unit&quot;:&quot;px&quot;,&quot;size&quot;:&quot;&quot;,&quot;sizes&quot;:[]}}\" data-widget_type=\"image-carousel.default\">\n\t\t\t\t<div class=\"elementor-widget-container\">\n\t\t\t\t\t<div class=\"elementor-image-carousel-wrapper swiper-container\" dir=\"ltr\">\n\t\t\t<div class=\"elementor-image-carousel swiper-wrapper swiper-image-stretch\">\n\t\t\t\t\t\t\t\t<div class=\"swiper-slide\"><figure class=\"swiper-slide-inner\"><img decoding=\"async\" class=\"swiper-slide-image\" src=\"https:\/\/ppprint.com.br\/wp-content\/uploads\/2021\/09\/limpeza-pecas-2-150x150.jpg\" alt=\"limpeza pe\u00e7as 2\" \/><\/figure><\/div><div class=\"swiper-slide\"><figure class=\"swiper-slide-inner\"><img decoding=\"async\" class=\"swiper-slide-image\" src=\"https:\/\/ppprint.com.br\/wp-content\/uploads\/2021\/09\/IMG-20210602-WA0008-150x150.jpg\" alt=\"IMG-20210602-WA0008\" \/><\/figure><\/div><div class=\"swiper-slide\"><figure class=\"swiper-slide-inner\"><img decoding=\"async\" class=\"swiper-slide-image\" src=\"https:\/\/ppprint.com.br\/wp-content\/uploads\/2021\/09\/IMG-20200819-WA0026-150x150.jpg\" alt=\"IMG-20200819-WA0026\" \/><\/figure><\/div><div class=\"swiper-slide\"><figure class=\"swiper-slide-inner\"><img decoding=\"async\" class=\"swiper-slide-image\" src=\"https:\/\/ppprint.com.br\/wp-content\/uploads\/2021\/09\/IMG-20200819-WA0050-150x150.jpg\" alt=\"IMG-20200819-WA0050\" \/><\/figure><\/div>\t\t\t<\/div>\n\t\t\t\t\t\t\t\t\t\t\t\t<div class=\"swiper-pagination\"><\/div>\n\t\t\t\t\t\t\t\t\t\t\t\t\t<\/div>\n\t\t\t\t<\/div>\n\t\t\t\t<\/div>\n\t\t\t\t\t<\/div>\n\t\t<\/div>\n\t\t\t\t\t\t\t<\/div>\n\t\t<\/section>\n\t\t\t\t\t\t\t<\/div>\n\t\t","protected":false},"excerpt":{"rendered":"<p>atua\u00e7\u00e3o com responsabilidade A PP Print Embalagens atua de forma sustent\u00e1vel respeitando a comunidade, os recursos naturais e o meio ambiente, sempre pensando no legado para \u00e0s gera\u00e7\u00f5es futuras. Nossas a\u00e7\u00f5es: Atuamos dentro das legisla\u00e7\u00f5es aplic\u00e1veis; Realizamos coleta seletiva em toda a \u00e1rea da empresa; Utilizamos fontes renov\u00e1veis de energia; Possu\u00edmos capta\u00e7\u00e3o de \u00e1gua pluvial; &hellip;<\/p>\n<p class=\"read-more\"> <a class=\"\" href=\"https:\/\/ppprint.com.br\/?page_id=543\"> <span class=\"screen-reader-text\">Sustentabilidade<\/span> Read More &raquo;<\/a><\/p>\n","protected":false},"author":1,"featured_media":0,"parent":0,"menu_order":3,"comment_status":"closed","ping_status":"closed","template":"","meta":{"_monsterinsights_skip_tracking":false,"_monsterinsights_sitenote_active":false,"_monsterinsights_sitenote_note":"","_monsterinsights_sitenote_category":0,"site-sidebar-layout":"no-sidebar","site-content-layout":"page-builder","ast-main-header-display":"","ast-hfb-above-header-display":"","ast-hfb-below-header-display":"","ast-hfb-mobile-header-display":"","site-post-title":"disabled","ast-breadcrumbs-content":"","ast-featured-img":"disabled","footer-sml-layout":"","theme-transparent-header-meta":"enabled","adv-header-id-meta":"","stick-header-meta":"","header-above-stick-meta":"","header-main-stick-meta":"","header-below-stick-meta":""},"_links":{"self":[{"href":"https:\/\/ppprint.com.br\/index.php?rest_route=\/wp\/v2\/pages\/543"}],"collection":[{"href":"https:\/\/ppprint.com.br\/index.php?rest_route=\/wp\/v2\/pages"}],"about":[{"href":"https:\/\/ppprint.com.br\/index.php?rest_route=\/wp\/v2\/types\/page"}],"author":[{"embeddable":true,"href":"https:\/\/ppprint.com.br\/index.php?rest_route=\/wp\/v2\/users\/1"}],"replies":[{"embeddable":true,"href":"https:\/\/ppprint.com.br\/index.php?rest_route=%2Fwp%2Fv2%2Fcomments&post=543"}],"version-history":[{"count":94,"href":"https:\/\/ppprint.com.br\/index.php?rest_route=\/wp\/v2\/pages\/543\/revisions"}],"predecessor-version":[{"id":1696,"href":"https:\/\/ppprint.com.br\/index.php?rest_route=\/wp\/v2\/pages\/543\/revisions\/1696"}],"wp:attachment":[{"href":"https:\/\/ppprint.com.br\/index.php?rest_route=%2Fwp%2Fv2%2Fmedia&parent=543"}],"curies":[{"name":"wp","href":"https:\/\/api.w.org\/{rel}","templated":true}]}}