{"id":541,"date":"2018-11-27T09:17:08","date_gmt":"2018-11-27T11:17:08","guid":{"rendered":"http:\/\/ppprint.institucional.ws\/?page_id=541"},"modified":"2025-12-18T09:43:25","modified_gmt":"2025-12-18T12:43:25","slug":"quem-somos","status":"publish","type":"page","link":"https:\/\/ppprint.com.br\/?page_id=541","title":{"rendered":"Quem somos"},"content":{"rendered":"\t\t<div data-elementor-type=\"wp-post\" data-elementor-id=\"541\" class=\"elementor elementor-541\">\n\t\t\t\t\t\t\t\t\t<section class=\"elementor-section elementor-top-section elementor-element elementor-element-e8e2892 elementor-section-boxed elementor-section-height-default elementor-section-height-default\" data-id=\"e8e2892\" data-element_type=\"section\">\n\t\t\t\t\t\t<div class=\"elementor-container elementor-column-gap-default\">\n\t\t\t\t\t<div class=\"elementor-column elementor-col-100 elementor-top-column elementor-element elementor-element-f8bf399\" data-id=\"f8bf399\" data-element_type=\"column\">\n\t\t\t<div class=\"elementor-widget-wrap elementor-element-populated\">\n\t\t\t\t\t\t\t\t<div class=\"elementor-element elementor-element-26ffde6 elementor-widget elementor-widget-image\" data-id=\"26ffde6\" data-element_type=\"widget\" data-widget_type=\"image.default\">\n\t\t\t\t<div class=\"elementor-widget-container\">\n\t\t\t<style>\/*! elementor - v3.12.1 - 02-04-2023 *\/\n.elementor-widget-image{text-align:center}.elementor-widget-image a{display:inline-block}.elementor-widget-image a img[src$=\".svg\"]{width:48px}.elementor-widget-image img{vertical-align:middle;display:inline-block}<\/style>\t\t\t\t\t\t\t\t\t\t\t\t<img decoding=\"async\" width=\"1280\" height=\"622\" src=\"https:\/\/ppprint.com.br\/wp-content\/uploads\/2022\/03\/IMG-20220304-WA0013.jpg\" class=\"attachment-full size-full wp-image-1504\" alt=\"\" loading=\"lazy\" srcset=\"https:\/\/ppprint.com.br\/wp-content\/uploads\/2022\/03\/IMG-20220304-WA0013.jpg 1280w, https:\/\/ppprint.com.br\/wp-content\/uploads\/2022\/03\/IMG-20220304-WA0013-300x146.jpg 300w, https:\/\/ppprint.com.br\/wp-content\/uploads\/2022\/03\/IMG-20220304-WA0013-1024x498.jpg 1024w, https:\/\/ppprint.com.br\/wp-content\/uploads\/2022\/03\/IMG-20220304-WA0013-768x373.jpg 768w\" sizes=\"(max-width: 1280px) 100vw, 1280px\" \/>\t\t\t\t\t\t\t\t\t\t\t\t\t\t\t<\/div>\n\t\t\t\t<\/div>\n\t\t\t\t\t<\/div>\n\t\t<\/div>\n\t\t\t\t\t\t\t<\/div>\n\t\t<\/section>\n\t\t\t\t<section class=\"elementor-section elementor-top-section elementor-element elementor-element-7d50b5e elementor-section-boxed elementor-section-height-default elementor-section-height-default\" data-id=\"7d50b5e\" data-element_type=\"section\">\n\t\t\t\t\t\t<div class=\"elementor-container elementor-column-gap-default\">\n\t\t\t\t\t<div class=\"elementor-column elementor-col-100 elementor-top-column elementor-element elementor-element-9ab3eb6\" data-id=\"9ab3eb6\" data-element_type=\"column\">\n\t\t\t<div class=\"elementor-widget-wrap elementor-element-populated\">\n\t\t\t\t\t\t\t\t<div class=\"elementor-element elementor-element-acba749 elementor-widget elementor-widget-text-editor\" data-id=\"acba749\" data-element_type=\"widget\" data-widget_type=\"text-editor.default\">\n\t\t\t\t<div class=\"elementor-widget-container\">\n\t\t\t<style>\/*! elementor - v3.12.1 - 02-04-2023 *\/\n.elementor-widget-text-editor.elementor-drop-cap-view-stacked .elementor-drop-cap{background-color:#69727d;color:#fff}.elementor-widget-text-editor.elementor-drop-cap-view-framed .elementor-drop-cap{color:#69727d;border:3px solid;background-color:transparent}.elementor-widget-text-editor:not(.elementor-drop-cap-view-default) .elementor-drop-cap{margin-top:8px}.elementor-widget-text-editor:not(.elementor-drop-cap-view-default) .elementor-drop-cap-letter{width:1em;height:1em}.elementor-widget-text-editor .elementor-drop-cap{float:left;text-align:center;line-height:1;font-size:50px}.elementor-widget-text-editor .elementor-drop-cap-letter{display:inline-block}<\/style>\t\t\t\t<p>A <strong>PP Print Embalagens<\/strong> \u00e9 uma empresa 100% nacional localizada em Varginha \u2013 MG em uma \u00e1rea de 55 mil m\u00b2.\u00a0<\/p><p><span style=\"font-style: inherit; font-weight: inherit;\">Investe constantemente em <\/span><strong style=\"font-style: inherit;\">tecnologia, na pesquisa e desenvolvimento de novos produtos<\/strong><span style=\"font-style: inherit; font-weight: inherit;\">, no seu processo produtivo e capital humano.<\/span><\/p><p>Conta com um portf\u00f3lio de clientes formado por <strong>grandes marcas dos segmentos de:<\/strong><\/p><ul><li><strong>bebidas &#8211; atende os principais engarrafadores\u00a0<\/strong><\/li><li><strong>alimenta\u00e7\u00e3o\u00a0 &#8211;\u00a0 especializada em \u00f3leo e outros segmentos<\/strong><\/li><li><strong>higiene<\/strong><\/li><\/ul>\t\t\t\t\t\t<\/div>\n\t\t\t\t<\/div>\n\t\t\t\t\t<\/div>\n\t\t<\/div>\n\t\t\t\t\t\t\t<\/div>\n\t\t<\/section>\n\t\t\t\t<section class=\"elementor-section elementor-top-section elementor-element elementor-element-e90a943 elementor-section-boxed elementor-section-height-default elementor-section-height-default\" data-id=\"e90a943\" data-element_type=\"section\" data-settings=\"{&quot;background_background&quot;:&quot;classic&quot;}\">\n\t\t\t\t\t\t<div class=\"elementor-container elementor-column-gap-default\">\n\t\t\t\t\t<div class=\"elementor-column elementor-col-100 elementor-top-column elementor-element elementor-element-2126f92\" data-id=\"2126f92\" data-element_type=\"column\">\n\t\t\t<div class=\"elementor-widget-wrap elementor-element-populated\">\n\t\t\t\t\t\t\t\t<div class=\"elementor-element elementor-element-43a347a elementor-widget elementor-widget-heading\" data-id=\"43a347a\" data-element_type=\"widget\" data-widget_type=\"heading.default\">\n\t\t\t\t<div class=\"elementor-widget-container\">\n\t\t\t<style>\/*! elementor - v3.12.1 - 02-04-2023 *\/\n.elementor-heading-title{padding:0;margin:0;line-height:1}.elementor-widget-heading .elementor-heading-title[class*=elementor-size-]>a{color:inherit;font-size:inherit;line-height:inherit}.elementor-widget-heading .elementor-heading-title.elementor-size-small{font-size:15px}.elementor-widget-heading .elementor-heading-title.elementor-size-medium{font-size:19px}.elementor-widget-heading .elementor-heading-title.elementor-size-large{font-size:29px}.elementor-widget-heading .elementor-heading-title.elementor-size-xl{font-size:39px}.elementor-widget-heading .elementor-heading-title.elementor-size-xxl{font-size:59px}<\/style><h2 class=\"elementor-heading-title elementor-size-default\">Miss\u00e3o<\/h2>\t\t<\/div>\n\t\t\t\t<\/div>\n\t\t\t\t<div class=\"elementor-element elementor-element-7818b1a elementor-widget-divider--view-line elementor-widget elementor-widget-divider\" data-id=\"7818b1a\" data-element_type=\"widget\" data-widget_type=\"divider.default\">\n\t\t\t\t<div class=\"elementor-widget-container\">\n\t\t\t<style>\/*! elementor - v3.12.1 - 02-04-2023 *\/\n.elementor-widget-divider{--divider-border-style:none;--divider-border-width:1px;--divider-color:#0c0d0e;--divider-icon-size:20px;--divider-element-spacing:10px;--divider-pattern-height:24px;--divider-pattern-size:20px;--divider-pattern-url:none;--divider-pattern-repeat:repeat-x}.elementor-widget-divider .elementor-divider{display:flex}.elementor-widget-divider .elementor-divider__text{font-size:15px;line-height:1;max-width:95%}.elementor-widget-divider .elementor-divider__element{margin:0 var(--divider-element-spacing);flex-shrink:0}.elementor-widget-divider .elementor-icon{font-size:var(--divider-icon-size)}.elementor-widget-divider .elementor-divider-separator{display:flex;margin:0;direction:ltr}.elementor-widget-divider--view-line_icon .elementor-divider-separator,.elementor-widget-divider--view-line_text .elementor-divider-separator{align-items:center}.elementor-widget-divider--view-line_icon .elementor-divider-separator:after,.elementor-widget-divider--view-line_icon .elementor-divider-separator:before,.elementor-widget-divider--view-line_text .elementor-divider-separator:after,.elementor-widget-divider--view-line_text .elementor-divider-separator:before{display:block;content:\"\";border-bottom:0;flex-grow:1;border-top:var(--divider-border-width) var(--divider-border-style) var(--divider-color)}.elementor-widget-divider--element-align-left .elementor-divider .elementor-divider-separator>.elementor-divider__svg:first-of-type{flex-grow:0;flex-shrink:100}.elementor-widget-divider--element-align-left .elementor-divider-separator:before{content:none}.elementor-widget-divider--element-align-left .elementor-divider__element{margin-left:0}.elementor-widget-divider--element-align-right .elementor-divider .elementor-divider-separator>.elementor-divider__svg:last-of-type{flex-grow:0;flex-shrink:100}.elementor-widget-divider--element-align-right .elementor-divider-separator:after{content:none}.elementor-widget-divider--element-align-right .elementor-divider__element{margin-right:0}.elementor-widget-divider:not(.elementor-widget-divider--view-line_text):not(.elementor-widget-divider--view-line_icon) .elementor-divider-separator{border-top:var(--divider-border-width) var(--divider-border-style) var(--divider-color)}.elementor-widget-divider--separator-type-pattern{--divider-border-style:none}.elementor-widget-divider--separator-type-pattern.elementor-widget-divider--view-line .elementor-divider-separator,.elementor-widget-divider--separator-type-pattern:not(.elementor-widget-divider--view-line) .elementor-divider-separator:after,.elementor-widget-divider--separator-type-pattern:not(.elementor-widget-divider--view-line) .elementor-divider-separator:before,.elementor-widget-divider--separator-type-pattern:not([class*=elementor-widget-divider--view]) .elementor-divider-separator{width:100%;min-height:var(--divider-pattern-height);-webkit-mask-size:var(--divider-pattern-size) 100%;mask-size:var(--divider-pattern-size) 100%;-webkit-mask-repeat:var(--divider-pattern-repeat);mask-repeat:var(--divider-pattern-repeat);background-color:var(--divider-color);-webkit-mask-image:var(--divider-pattern-url);mask-image:var(--divider-pattern-url)}.elementor-widget-divider--no-spacing{--divider-pattern-size:auto}.elementor-widget-divider--bg-round{--divider-pattern-repeat:round}.rtl .elementor-widget-divider .elementor-divider__text{direction:rtl}.e-con-inner>.elementor-widget-divider,.e-con>.elementor-widget-divider{width:var(--container-widget-width,100%);--flex-grow:var(--container-widget-flex-grow)}<\/style>\t\t<div class=\"elementor-divider\">\n\t\t\t<span class=\"elementor-divider-separator\">\n\t\t\t\t\t\t<\/span>\n\t\t<\/div>\n\t\t\t\t<\/div>\n\t\t\t\t<\/div>\n\t\t\t\t<div class=\"elementor-element elementor-element-d8f9f49 elementor-widget elementor-widget-text-editor\" data-id=\"d8f9f49\" data-element_type=\"widget\" data-widget_type=\"text-editor.default\">\n\t\t\t\t<div class=\"elementor-widget-container\">\n\t\t\t\t\t\t\t<p>A PP Print Embalagens busca manter-se, permanentemente, entre as melhores convertedoras de embalagens flex\u00edveis do Brasil por reconhecimento dos seus clientes.\u00a0<\/p>\t\t\t\t\t\t<\/div>\n\t\t\t\t<\/div>\n\t\t\t\t\t<\/div>\n\t\t<\/div>\n\t\t\t\t\t\t\t<\/div>\n\t\t<\/section>\n\t\t\t\t<section class=\"elementor-section elementor-top-section elementor-element elementor-element-f2c6380 elementor-section-boxed elementor-section-height-default elementor-section-height-default\" data-id=\"f2c6380\" data-element_type=\"section\">\n\t\t\t\t\t\t<div class=\"elementor-container elementor-column-gap-default\">\n\t\t\t\t\t<div class=\"elementor-column elementor-col-50 elementor-top-column elementor-element elementor-element-f56f0f9\" data-id=\"f56f0f9\" data-element_type=\"column\">\n\t\t\t<div class=\"elementor-widget-wrap elementor-element-populated\">\n\t\t\t\t\t\t\t\t<div class=\"elementor-element elementor-element-891f1f1 elementor-widget elementor-widget-heading\" data-id=\"891f1f1\" data-element_type=\"widget\" data-widget_type=\"heading.default\">\n\t\t\t\t<div class=\"elementor-widget-container\">\n\t\t\t<h2 class=\"elementor-heading-title elementor-size-default\">Vis\u00e3o<\/h2>\t\t<\/div>\n\t\t\t\t<\/div>\n\t\t\t\t<div class=\"elementor-element elementor-element-a0aed9b elementor-widget-divider--view-line elementor-widget elementor-widget-divider\" data-id=\"a0aed9b\" data-element_type=\"widget\" data-widget_type=\"divider.default\">\n\t\t\t\t<div class=\"elementor-widget-container\">\n\t\t\t\t\t<div class=\"elementor-divider\">\n\t\t\t<span class=\"elementor-divider-separator\">\n\t\t\t\t\t\t<\/span>\n\t\t<\/div>\n\t\t\t\t<\/div>\n\t\t\t\t<\/div>\n\t\t\t\t<div class=\"elementor-element elementor-element-3dfd402 elementor-widget elementor-widget-text-editor\" data-id=\"3dfd402\" data-element_type=\"widget\" data-widget_type=\"text-editor.default\">\n\t\t\t\t<div class=\"elementor-widget-container\">\n\t\t\t\t\t\t\t<p>Queremos ser uma empresa refer\u00eancia em produtos, servi\u00e7os, elemento humano e conduta social, buscando ser atraente para investidores\/acionistas, cliente, empregados, fornecedores e comunidade local.<\/p><p>Procuramos ser uma empresa que se supera no dia a dia, ultrapassa desafios e limites, buscando excel\u00eancia permanentemente.<\/p>\t\t\t\t\t\t<\/div>\n\t\t\t\t<\/div>\n\t\t\t\t\t<\/div>\n\t\t<\/div>\n\t\t\t\t<div class=\"elementor-column elementor-col-50 elementor-top-column elementor-element elementor-element-5c1d578\" data-id=\"5c1d578\" data-element_type=\"column\">\n\t\t\t<div class=\"elementor-widget-wrap elementor-element-populated\">\n\t\t\t\t\t\t\t\t<div class=\"elementor-element elementor-element-7988cc3 elementor-widget elementor-widget-heading\" data-id=\"7988cc3\" data-element_type=\"widget\" data-widget_type=\"heading.default\">\n\t\t\t\t<div class=\"elementor-widget-container\">\n\t\t\t<h2 class=\"elementor-heading-title elementor-size-default\">Princ\u00edpios e diretrizes<\/h2>\t\t<\/div>\n\t\t\t\t<\/div>\n\t\t\t\t<div class=\"elementor-element elementor-element-6cd1629 elementor-widget-divider--view-line elementor-widget elementor-widget-divider\" data-id=\"6cd1629\" data-element_type=\"widget\" data-widget_type=\"divider.default\">\n\t\t\t\t<div class=\"elementor-widget-container\">\n\t\t\t\t\t<div class=\"elementor-divider\">\n\t\t\t<span class=\"elementor-divider-separator\">\n\t\t\t\t\t\t<\/span>\n\t\t<\/div>\n\t\t\t\t<\/div>\n\t\t\t\t<\/div>\n\t\t\t\t<div class=\"elementor-element elementor-element-c5b50da elementor-widget elementor-widget-text-editor\" data-id=\"c5b50da\" data-element_type=\"widget\" data-widget_type=\"text-editor.default\">\n\t\t\t\t<div class=\"elementor-widget-container\">\n\t\t\t\t\t\t\t<p><strong>Clientes<\/strong><\/p><p>Buscamos conhecer e entender profundamente as necessidades espec\u00edficas de cada cliente. Transferir estas informa\u00e7\u00f5es para toda a empresa, criando um verdadeiro envolvimento fornecedor-cliente.<\/p>\t\t\t\t\t\t<\/div>\n\t\t\t\t<\/div>\n\t\t\t\t<div class=\"elementor-element elementor-element-8f68344 elementor-widget elementor-widget-text-editor\" data-id=\"8f68344\" data-element_type=\"widget\" data-widget_type=\"text-editor.default\">\n\t\t\t\t<div class=\"elementor-widget-container\">\n\t\t\t\t\t\t\t<p><strong>Resultados<\/strong><\/p><p><span style=\"font-style: inherit; font-weight: inherit;\">Buscamos melhorar sempre os indicadores de efici\u00eancia, conquistando resultados que permitam maior competitividade, rentabilidade, crescimento e orgulho de atuar em uma empresa vencedora.<\/span><\/p>\t\t\t\t\t\t<\/div>\n\t\t\t\t<\/div>\n\t\t\t\t\t<\/div>\n\t\t<\/div>\n\t\t\t\t\t\t\t<\/div>\n\t\t<\/section>\n\t\t\t\t<section class=\"elementor-section elementor-top-section elementor-element elementor-element-b8b30d2 elementor-section-boxed elementor-section-height-default elementor-section-height-default\" data-id=\"b8b30d2\" data-element_type=\"section\">\n\t\t\t\t\t\t<div class=\"elementor-container elementor-column-gap-default\">\n\t\t\t\t\t<div class=\"elementor-column elementor-col-100 elementor-top-column elementor-element elementor-element-1286940\" data-id=\"1286940\" data-element_type=\"column\" data-settings=\"{&quot;background_background&quot;:&quot;gradient&quot;}\">\n\t\t\t<div class=\"elementor-widget-wrap elementor-element-populated\">\n\t\t\t\t\t\t\t\t<div class=\"elementor-element elementor-element-c29130d elementor-widget elementor-widget-heading\" data-id=\"c29130d\" data-element_type=\"widget\" data-widget_type=\"heading.default\">\n\t\t\t\t<div class=\"elementor-widget-container\">\n\t\t\t<h2 class=\"elementor-heading-title elementor-size-default\">POL\u00cdTICA DE GEST\u00c3O DA QUALIDADE<br> E SEGURAN\u00c7A DOS ALIMENTOS<\/h2>\t\t<\/div>\n\t\t\t\t<\/div>\n\t\t\t\t\t<\/div>\n\t\t<\/div>\n\t\t\t\t\t\t\t<\/div>\n\t\t<\/section>\n\t\t\t\t<section class=\"elementor-section elementor-top-section elementor-element elementor-element-f1f6684 elementor-section-boxed elementor-section-height-default elementor-section-height-default\" data-id=\"f1f6684\" data-element_type=\"section\">\n\t\t\t\t\t\t<div class=\"elementor-container elementor-column-gap-default\">\n\t\t\t\t\t<div class=\"elementor-column elementor-col-100 elementor-top-column elementor-element elementor-element-c8d3081\" data-id=\"c8d3081\" data-element_type=\"column\">\n\t\t\t<div class=\"elementor-widget-wrap elementor-element-populated\">\n\t\t\t\t\t\t\t\t<div class=\"elementor-element elementor-element-1c1ac19 elementor-widget elementor-widget-text-editor\" data-id=\"1c1ac19\" data-element_type=\"widget\" data-widget_type=\"text-editor.default\">\n\t\t\t\t<div class=\"elementor-widget-container\">\n\t\t\t\t\t\t\t<p>A PP Print Embalagens S.A, atuante no setor de embalagens pl\u00e1sticas, selos e tampas destinadas ou n\u00e3o para alimentos, busca a satisfa\u00e7\u00e3o dos seus acionistas, clientes e demais partes interessadas, atrav\u00e9s do fornecimento de produtos seguros e de qualidade, em conformidade com as legisla\u00e7\u00f5es aplic\u00e1veis e os requisitos do cliente.<\/p><p>A empresa compromete-se com o constante aprimoramento e comunica\u00e7\u00e3o do Sistema de Gest\u00e3o da Qualidade e Seguran\u00e7a dos Alimentos, bem como o investimento cont\u00ednuo na qualifica\u00e7\u00e3o dos empregados, no desenvolvimento de solu\u00e7\u00f5es e em a\u00e7\u00f5es voltadas \u00e0 Responsabilidade Socioambiental, assumindo os seguintes compromissos:<\/p><p style=\"font-style: inherit; font-weight: inherit;\"><b><strong>Objetivos do Sistema de Gest\u00e3o da Qualidade <\/strong><\/b><span style=\"font-style: inherit; font-weight: inherit;\"><b><strong>e Gest\u00e3o da Seguran\u00e7a dos Alimentos<\/strong><\/b><\/span><\/p><ul><li>Satisfazer os clientes atrav\u00e9s do fornecimento de embalagens pl\u00e1sticas, selos e tampas seguras e de qualidade.<\/li><li>Capacitar continuamente os empregados, promovendo a conscientiza\u00e7\u00e3o sobre \u00e0 import\u00e2ncia da qualidade e de seguran\u00e7a dos alimentos;<\/li><li>Assegurar uma comunica\u00e7\u00e3o interna e externa eficaz, garantindo que as informa\u00e7\u00f5es relevantes ao Sistema de Gest\u00e3o da Qualidade e Seguran\u00e7a dos Alimentos sejam transmitidas de forma clara e oportuna;<\/li><li>Alcan\u00e7ar as metas estabelecidas nos indicadores de desempenho dos processos;<\/li><li>Melhorar continuamente o Sistema de Gest\u00e3o da Qualidade e de Seguran\u00e7a dos Alimentos;<\/li><li>Contribuir para a constru\u00e7\u00e3o de uma sociedade mais justa, respons\u00e1vel e solid\u00e1ria.<\/li><\/ul><p class=\"MsoNormal\" style=\"font-size: 19px; margin-left: 0cm; line-height: normal;\" align=\"center\">\u00a0<\/p>\t\t\t\t\t\t<\/div>\n\t\t\t\t<\/div>\n\t\t\t\t\t<\/div>\n\t\t<\/div>\n\t\t\t\t\t\t\t<\/div>\n\t\t<\/section>\n\t\t\t\t\t\t\t<\/div>\n\t\t","protected":false},"excerpt":{"rendered":"<p>A PP Print Embalagens \u00e9 uma empresa 100% nacional localizada em Varginha \u2013 MG em uma \u00e1rea de 55 mil m\u00b2.\u00a0 Investe constantemente em tecnologia, na pesquisa e desenvolvimento de novos produtos, no seu processo produtivo e capital humano. Conta com um portf\u00f3lio de clientes formado por grandes marcas dos segmentos de: bebidas &#8211; atende &hellip;<\/p>\n<p class=\"read-more\"> <a class=\"\" href=\"https:\/\/ppprint.com.br\/?page_id=541\"> <span class=\"screen-reader-text\">Quem somos<\/span> Read More &raquo;<\/a><\/p>\n","protected":false},"author":1,"featured_media":0,"parent":0,"menu_order":0,"comment_status":"closed","ping_status":"closed","template":"elementor_header_footer","meta":{"_monsterinsights_skip_tracking":false,"_monsterinsights_sitenote_active":false,"_monsterinsights_sitenote_note":"","_monsterinsights_sitenote_category":0,"site-sidebar-layout":"no-sidebar","site-content-layout":"page-builder","ast-main-header-display":"","ast-hfb-above-header-display":"","ast-hfb-below-header-display":"","ast-hfb-mobile-header-display":"","site-post-title":"disabled","ast-breadcrumbs-content":"","ast-featured-img":"disabled","footer-sml-layout":"","theme-transparent-header-meta":"enabled","adv-header-id-meta":"","stick-header-meta":"","header-above-stick-meta":"","header-main-stick-meta":"","header-below-stick-meta":""},"_links":{"self":[{"href":"https:\/\/ppprint.com.br\/index.php?rest_route=\/wp\/v2\/pages\/541"}],"collection":[{"href":"https:\/\/ppprint.com.br\/index.php?rest_route=\/wp\/v2\/pages"}],"about":[{"href":"https:\/\/ppprint.com.br\/index.php?rest_route=\/wp\/v2\/types\/page"}],"author":[{"embeddable":true,"href":"https:\/\/ppprint.com.br\/index.php?rest_route=\/wp\/v2\/users\/1"}],"replies":[{"embeddable":true,"href":"https:\/\/ppprint.com.br\/index.php?rest_route=%2Fwp%2Fv2%2Fcomments&post=541"}],"version-history":[{"count":141,"href":"https:\/\/ppprint.com.br\/index.php?rest_route=\/wp\/v2\/pages\/541\/revisions"}],"predecessor-version":[{"id":1709,"href":"https:\/\/ppprint.com.br\/index.php?rest_route=\/wp\/v2\/pages\/541\/revisions\/1709"}],"wp:attachment":[{"href":"https:\/\/ppprint.com.br\/index.php?rest_route=%2Fwp%2Fv2%2Fmedia&parent=541"}],"curies":[{"name":"wp","href":"https:\/\/api.w.org\/{rel}","templated":true}]}}