{"id":540,"date":"2018-11-27T09:16:54","date_gmt":"2018-11-27T09:16:54","guid":{"rendered":"http:\/\/ppprint.institucional.ws\/?page_id=540"},"modified":"2023-04-03T11:13:47","modified_gmt":"2023-04-03T14:13:47","slug":"home","status":"publish","type":"page","link":"https:\/\/ppprint.com.br\/","title":{"rendered":"Home"},"content":{"rendered":"\t\t<div data-elementor-type=\"wp-page\" data-elementor-id=\"540\" class=\"elementor elementor-540\">\n\t\t\t\t\t\t\t\t\t<section class=\"elementor-section elementor-top-section elementor-element elementor-element-9c69b5c elementor-section-boxed elementor-section-height-default elementor-section-height-default\" data-id=\"9c69b5c\" data-element_type=\"section\">\n\t\t\t\t\t\t<div class=\"elementor-container elementor-column-gap-default\">\n\t\t\t\t\t<div class=\"elementor-column elementor-col-100 elementor-top-column elementor-element elementor-element-358176e\" data-id=\"358176e\" data-element_type=\"column\">\n\t\t\t<div class=\"elementor-widget-wrap elementor-element-populated\">\n\t\t\t\t\t\t\t\t<div class=\"elementor-element elementor-element-8c396c4 elementor-widget elementor-widget-image\" data-id=\"8c396c4\" data-element_type=\"widget\" data-widget_type=\"image.default\">\n\t\t\t\t<div class=\"elementor-widget-container\">\n\t\t\t<style>\/*! elementor - v3.12.1 - 02-04-2023 *\/\n.elementor-widget-image{text-align:center}.elementor-widget-image a{display:inline-block}.elementor-widget-image a img[src$=\".svg\"]{width:48px}.elementor-widget-image img{vertical-align:middle;display:inline-block}<\/style>\t\t\t\t\t\t\t\t\t\t\t\t<img decoding=\"async\" width=\"2048\" height=\"1365\" src=\"https:\/\/ppprint.com.br\/wp-content\/uploads\/2023\/01\/PPPRINT-FAB-101-2048x1365.jpg\" class=\"attachment-2048x2048 size-2048x2048 wp-image-1629\" alt=\"\" loading=\"lazy\" srcset=\"https:\/\/ppprint.com.br\/wp-content\/uploads\/2023\/01\/PPPRINT-FAB-101-2048x1365.jpg 2048w, https:\/\/ppprint.com.br\/wp-content\/uploads\/2023\/01\/PPPRINT-FAB-101-300x200.jpg 300w, https:\/\/ppprint.com.br\/wp-content\/uploads\/2023\/01\/PPPRINT-FAB-101-1024x683.jpg 1024w, https:\/\/ppprint.com.br\/wp-content\/uploads\/2023\/01\/PPPRINT-FAB-101-768x512.jpg 768w, https:\/\/ppprint.com.br\/wp-content\/uploads\/2023\/01\/PPPRINT-FAB-101-1536x1024.jpg 1536w\" sizes=\"(max-width: 2048px) 100vw, 2048px\" \/>\t\t\t\t\t\t\t\t\t\t\t\t\t\t\t<\/div>\n\t\t\t\t<\/div>\n\t\t\t\t\t<\/div>\n\t\t<\/div>\n\t\t\t\t\t\t\t<\/div>\n\t\t<\/section>\n\t\t\t\t<section class=\"elementor-section elementor-top-section elementor-element elementor-element-ae49569 elementor-section-boxed elementor-section-height-default elementor-section-height-default\" data-id=\"ae49569\" data-element_type=\"section\">\n\t\t\t\t\t\t<div class=\"elementor-container elementor-column-gap-default\">\n\t\t\t\t\t<div class=\"elementor-column elementor-col-100 elementor-top-column elementor-element elementor-element-e22bf31\" data-id=\"e22bf31\" data-element_type=\"column\">\n\t\t\t<div class=\"elementor-widget-wrap elementor-element-populated\">\n\t\t\t\t\t\t\t\t<div class=\"elementor-element elementor-element-117330b elementor-widget elementor-widget-heading\" data-id=\"117330b\" data-element_type=\"widget\" data-widget_type=\"heading.default\">\n\t\t\t\t<div class=\"elementor-widget-container\">\n\t\t\t<style>\/*! elementor - v3.12.1 - 02-04-2023 *\/\n.elementor-heading-title{padding:0;margin:0;line-height:1}.elementor-widget-heading .elementor-heading-title[class*=elementor-size-]>a{color:inherit;font-size:inherit;line-height:inherit}.elementor-widget-heading .elementor-heading-title.elementor-size-small{font-size:15px}.elementor-widget-heading .elementor-heading-title.elementor-size-medium{font-size:19px}.elementor-widget-heading .elementor-heading-title.elementor-size-large{font-size:29px}.elementor-widget-heading .elementor-heading-title.elementor-size-xl{font-size:39px}.elementor-widget-heading .elementor-heading-title.elementor-size-xxl{font-size:59px}<\/style><h2 class=\"elementor-heading-title elementor-size-default\">H\u00e1 mais de 25 anos atendendo grandes marcas no brasil <\/h2>\t\t<\/div>\n\t\t\t\t<\/div>\n\t\t\t\t<div class=\"elementor-element elementor-element-09d997f elementor-widget elementor-widget-text-editor\" data-id=\"09d997f\" data-element_type=\"widget\" data-widget_type=\"text-editor.default\">\n\t\t\t\t<div class=\"elementor-widget-container\">\n\t\t\t<style>\/*! elementor - v3.12.1 - 02-04-2023 *\/\n.elementor-widget-text-editor.elementor-drop-cap-view-stacked .elementor-drop-cap{background-color:#69727d;color:#fff}.elementor-widget-text-editor.elementor-drop-cap-view-framed .elementor-drop-cap{color:#69727d;border:3px solid;background-color:transparent}.elementor-widget-text-editor:not(.elementor-drop-cap-view-default) .elementor-drop-cap{margin-top:8px}.elementor-widget-text-editor:not(.elementor-drop-cap-view-default) .elementor-drop-cap-letter{width:1em;height:1em}.elementor-widget-text-editor .elementor-drop-cap{float:left;text-align:center;line-height:1;font-size:50px}.elementor-widget-text-editor .elementor-drop-cap-letter{display:inline-block}<\/style>\t\t\t\t<h3><span style=\"color: black; font-size: 14pt; font-style: inherit; font-weight: inherit; text-align: justify;\">\u00a0A PP Print Embalagens \u00e9 uma empresa fabricante de r\u00f3tulos Roll Label Bopp e embalagens flex\u00edveis para as ind\u00fastrias de bebidas, alimentos e higiene.\u00a0<\/span><\/h3>\t\t\t\t\t\t<\/div>\n\t\t\t\t<\/div>\n\t\t\t\t\t<\/div>\n\t\t<\/div>\n\t\t\t\t\t\t\t<\/div>\n\t\t<\/section>\n\t\t\t\t<section class=\"elementor-section elementor-top-section elementor-element elementor-element-3b8890f animated-fast elementor-section-boxed elementor-section-height-default elementor-section-height-default elementor-invisible\" data-id=\"3b8890f\" data-element_type=\"section\" data-settings=\"{&quot;animation&quot;:&quot;fadeInLeft&quot;}\">\n\t\t\t\t\t\t<div class=\"elementor-container elementor-column-gap-default\">\n\t\t\t\t\t<div class=\"elementor-column elementor-col-16 elementor-top-column elementor-element elementor-element-1e20b96\" data-id=\"1e20b96\" data-element_type=\"column\">\n\t\t\t<div class=\"elementor-widget-wrap elementor-element-populated\">\n\t\t\t\t\t\t\t\t<div class=\"elementor-element elementor-element-0770853 elementor-widget elementor-widget-image\" data-id=\"0770853\" data-element_type=\"widget\" data-widget_type=\"image.default\">\n\t\t\t\t<div class=\"elementor-widget-container\">\n\t\t\t\t\t\t\t\t\t\t\t\t\t\t\t<img decoding=\"async\" width=\"1024\" height=\"1024\" src=\"https:\/\/ppprint.com.br\/wp-content\/uploads\/2021\/12\/produto_personalizado_259_438-500x500.SVGZ-1024x1024.jpg\" class=\"attachment-large size-large wp-image-1171\" alt=\"\" loading=\"lazy\" srcset=\"https:\/\/ppprint.com.br\/wp-content\/uploads\/2021\/12\/produto_personalizado_259_438-500x500.SVGZ-1024x1024.jpg 1024w, https:\/\/ppprint.com.br\/wp-content\/uploads\/2021\/12\/produto_personalizado_259_438-500x500.SVGZ-300x300.jpg 300w, https:\/\/ppprint.com.br\/wp-content\/uploads\/2021\/12\/produto_personalizado_259_438-500x500.SVGZ-150x150.jpg 150w, https:\/\/ppprint.com.br\/wp-content\/uploads\/2021\/12\/produto_personalizado_259_438-500x500.SVGZ-768x767.jpg 768w, https:\/\/ppprint.com.br\/wp-content\/uploads\/2021\/12\/produto_personalizado_259_438-500x500.SVGZ.jpg 1043w\" sizes=\"(max-width: 1024px) 100vw, 1024px\" \/>\t\t\t\t\t\t\t\t\t\t\t\t\t\t\t<\/div>\n\t\t\t\t<\/div>\n\t\t\t\t\t<\/div>\n\t\t<\/div>\n\t\t\t\t<div class=\"elementor-column elementor-col-16 elementor-top-column elementor-element elementor-element-07194c4\" data-id=\"07194c4\" data-element_type=\"column\">\n\t\t\t<div class=\"elementor-widget-wrap elementor-element-populated\">\n\t\t\t\t\t\t\t\t<div class=\"elementor-element elementor-element-fdf2828 elementor-widget elementor-widget-image\" data-id=\"fdf2828\" data-element_type=\"widget\" data-widget_type=\"image.default\">\n\t\t\t\t<div class=\"elementor-widget-container\">\n\t\t\t\t\t\t\t\t\t\t\t\t\t\t\t<img decoding=\"async\" width=\"1024\" height=\"1024\" src=\"https:\/\/ppprint.com.br\/wp-content\/uploads\/2021\/12\/132499-1-1024x1024.jpg\" class=\"attachment-large size-large wp-image-1173\" alt=\"\" loading=\"lazy\" srcset=\"https:\/\/ppprint.com.br\/wp-content\/uploads\/2021\/12\/132499-1-1024x1024.jpg 1024w, https:\/\/ppprint.com.br\/wp-content\/uploads\/2021\/12\/132499-1-300x300.jpg 300w, https:\/\/ppprint.com.br\/wp-content\/uploads\/2021\/12\/132499-1-150x150.jpg 150w, https:\/\/ppprint.com.br\/wp-content\/uploads\/2021\/12\/132499-1-768x768.jpg 768w, https:\/\/ppprint.com.br\/wp-content\/uploads\/2021\/12\/132499-1-1536x1536.jpg 1536w, https:\/\/ppprint.com.br\/wp-content\/uploads\/2021\/12\/132499-1-2048x2048.jpg 2048w\" sizes=\"(max-width: 1024px) 100vw, 1024px\" \/>\t\t\t\t\t\t\t\t\t\t\t\t\t\t\t<\/div>\n\t\t\t\t<\/div>\n\t\t\t\t\t<\/div>\n\t\t<\/div>\n\t\t\t\t<div class=\"elementor-column elementor-col-16 elementor-top-column elementor-element elementor-element-d3c1fd9\" data-id=\"d3c1fd9\" data-element_type=\"column\">\n\t\t\t<div class=\"elementor-widget-wrap elementor-element-populated\">\n\t\t\t\t\t\t\t\t<div class=\"elementor-element elementor-element-2346e5b elementor-widget elementor-widget-image\" data-id=\"2346e5b\" data-element_type=\"widget\" data-widget_type=\"image.default\">\n\t\t\t\t<div class=\"elementor-widget-container\">\n\t\t\t\t\t\t\t\t\t\t\t\t\t\t\t<img decoding=\"async\" width=\"409\" height=\"410\" src=\"https:\/\/ppprint.com.br\/wp-content\/uploads\/2021\/12\/images__1_-removebg-preview-1.jpg\" class=\"attachment-large size-large wp-image-1189\" alt=\"\" loading=\"lazy\" srcset=\"https:\/\/ppprint.com.br\/wp-content\/uploads\/2021\/12\/images__1_-removebg-preview-1.jpg 409w, https:\/\/ppprint.com.br\/wp-content\/uploads\/2021\/12\/images__1_-removebg-preview-1-300x300.jpg 300w, https:\/\/ppprint.com.br\/wp-content\/uploads\/2021\/12\/images__1_-removebg-preview-1-150x150.jpg 150w\" sizes=\"(max-width: 409px) 100vw, 409px\" \/>\t\t\t\t\t\t\t\t\t\t\t\t\t\t\t<\/div>\n\t\t\t\t<\/div>\n\t\t\t\t\t<\/div>\n\t\t<\/div>\n\t\t\t\t<div class=\"elementor-column elementor-col-16 elementor-top-column elementor-element elementor-element-5bc5751\" data-id=\"5bc5751\" data-element_type=\"column\">\n\t\t\t<div class=\"elementor-widget-wrap elementor-element-populated\">\n\t\t\t\t\t\t\t\t<div class=\"elementor-element elementor-element-44b4513 elementor-widget elementor-widget-image\" data-id=\"44b4513\" data-element_type=\"widget\" data-widget_type=\"image.default\">\n\t\t\t\t<div class=\"elementor-widget-container\">\n\t\t\t\t\t\t\t\t\t\t\t\t\t\t\t<img decoding=\"async\" width=\"1024\" height=\"1024\" src=\"https:\/\/ppprint.com.br\/wp-content\/uploads\/2021\/12\/MAIONESE-1024x1024.jpg\" class=\"attachment-large size-large wp-image-1182\" alt=\"\" loading=\"lazy\" srcset=\"https:\/\/ppprint.com.br\/wp-content\/uploads\/2021\/12\/MAIONESE-1024x1024.jpg 1024w, https:\/\/ppprint.com.br\/wp-content\/uploads\/2021\/12\/MAIONESE-300x300.jpg 300w, https:\/\/ppprint.com.br\/wp-content\/uploads\/2021\/12\/MAIONESE-150x150.jpg 150w, https:\/\/ppprint.com.br\/wp-content\/uploads\/2021\/12\/MAIONESE-768x767.jpg 768w, https:\/\/ppprint.com.br\/wp-content\/uploads\/2021\/12\/MAIONESE.jpg 1043w\" sizes=\"(max-width: 1024px) 100vw, 1024px\" \/>\t\t\t\t\t\t\t\t\t\t\t\t\t\t\t<\/div>\n\t\t\t\t<\/div>\n\t\t\t\t\t<\/div>\n\t\t<\/div>\n\t\t\t\t<div class=\"elementor-column elementor-col-16 elementor-top-column elementor-element elementor-element-21ed2f5\" data-id=\"21ed2f5\" data-element_type=\"column\">\n\t\t\t<div class=\"elementor-widget-wrap elementor-element-populated\">\n\t\t\t\t\t\t\t\t<div class=\"elementor-element elementor-element-2be4d09 elementor-widget elementor-widget-image\" data-id=\"2be4d09\" data-element_type=\"widget\" data-widget_type=\"image.default\">\n\t\t\t\t<div class=\"elementor-widget-container\">\n\t\t\t\t\t\t\t\t\t\t\t\t\t\t\t<img decoding=\"async\" width=\"1024\" height=\"1024\" src=\"https:\/\/ppprint.com.br\/wp-content\/uploads\/2021\/12\/Refrigerante-Fanta-Laranja-2l-1024x1024.jpg\" class=\"attachment-large size-large wp-image-1174\" alt=\"\" loading=\"lazy\" srcset=\"https:\/\/ppprint.com.br\/wp-content\/uploads\/2021\/12\/Refrigerante-Fanta-Laranja-2l-1024x1024.jpg 1024w, https:\/\/ppprint.com.br\/wp-content\/uploads\/2021\/12\/Refrigerante-Fanta-Laranja-2l-300x300.jpg 300w, https:\/\/ppprint.com.br\/wp-content\/uploads\/2021\/12\/Refrigerante-Fanta-Laranja-2l-150x150.jpg 150w, https:\/\/ppprint.com.br\/wp-content\/uploads\/2021\/12\/Refrigerante-Fanta-Laranja-2l-768x768.jpg 768w, https:\/\/ppprint.com.br\/wp-content\/uploads\/2021\/12\/Refrigerante-Fanta-Laranja-2l-1536x1536.jpg 1536w, https:\/\/ppprint.com.br\/wp-content\/uploads\/2021\/12\/Refrigerante-Fanta-Laranja-2l-2048x2048.jpg 2048w\" sizes=\"(max-width: 1024px) 100vw, 1024px\" \/>\t\t\t\t\t\t\t\t\t\t\t\t\t\t\t<\/div>\n\t\t\t\t<\/div>\n\t\t\t\t\t<\/div>\n\t\t<\/div>\n\t\t\t\t<div class=\"elementor-column elementor-col-16 elementor-top-column elementor-element elementor-element-be979b8\" data-id=\"be979b8\" data-element_type=\"column\">\n\t\t\t<div class=\"elementor-widget-wrap elementor-element-populated\">\n\t\t\t\t\t\t\t\t<div class=\"elementor-element elementor-element-e50ea11 elementor-widget elementor-widget-image\" data-id=\"e50ea11\" data-element_type=\"widget\" data-widget_type=\"image.default\">\n\t\t\t\t<div class=\"elementor-widget-container\">\n\t\t\t\t\t\t\t\t\t\t\t\t\t\t\t<img decoding=\"async\" width=\"1024\" height=\"1024\" src=\"https:\/\/ppprint.com.br\/wp-content\/uploads\/2021\/12\/OLEO-1024x1024.jpg\" class=\"attachment-large size-large wp-image-1206\" alt=\"\" loading=\"lazy\" srcset=\"https:\/\/ppprint.com.br\/wp-content\/uploads\/2021\/12\/OLEO-1024x1024.jpg 1024w, https:\/\/ppprint.com.br\/wp-content\/uploads\/2021\/12\/OLEO-300x300.jpg 300w, https:\/\/ppprint.com.br\/wp-content\/uploads\/2021\/12\/OLEO-150x150.jpg 150w, https:\/\/ppprint.com.br\/wp-content\/uploads\/2021\/12\/OLEO-768x768.jpg 768w, https:\/\/ppprint.com.br\/wp-content\/uploads\/2021\/12\/OLEO-1536x1536.jpg 1536w, https:\/\/ppprint.com.br\/wp-content\/uploads\/2021\/12\/OLEO-2048x2048.jpg 2048w\" sizes=\"(max-width: 1024px) 100vw, 1024px\" \/>\t\t\t\t\t\t\t\t\t\t\t\t\t\t\t<\/div>\n\t\t\t\t<\/div>\n\t\t\t\t\t<\/div>\n\t\t<\/div>\n\t\t\t\t\t\t\t<\/div>\n\t\t<\/section>\n\t\t\t\t<section class=\"elementor-section elementor-top-section elementor-element elementor-element-59c19aa elementor-section-boxed elementor-section-height-default elementor-section-height-default\" data-id=\"59c19aa\" data-element_type=\"section\">\n\t\t\t\t\t\t<div class=\"elementor-container elementor-column-gap-default\">\n\t\t\t\t\t<div class=\"elementor-column elementor-col-100 elementor-top-column elementor-element elementor-element-d1c37f5\" data-id=\"d1c37f5\" data-element_type=\"column\">\n\t\t\t<div class=\"elementor-widget-wrap elementor-element-populated\">\n\t\t\t\t\t\t\t\t<div class=\"elementor-element elementor-element-55edeb4 elementor-widget elementor-widget-text-editor\" data-id=\"55edeb4\" data-element_type=\"widget\" data-widget_type=\"text-editor.default\">\n\t\t\t\t<div class=\"elementor-widget-container\">\n\t\t\t\t\t\t\t<p>Atenta as tend\u00eancias do mercado, a PP Print Embalagens investe constantemente em&nbsp;<b>tecnologia, pesquisa e desenvolvimento de produtos e solu\u00e7\u00f5es de qualidade para seus clientes.&nbsp;<\/b><\/p>\n<p>Conta com uma <strong>equipe comercial pronta para atender suas necessidades.<\/strong>&nbsp;<\/p>\t\t\t\t\t\t<\/div>\n\t\t\t\t<\/div>\n\t\t\t\t\t<\/div>\n\t\t<\/div>\n\t\t\t\t\t\t\t<\/div>\n\t\t<\/section>\n\t\t\t\t<section class=\"elementor-section elementor-top-section elementor-element elementor-element-9f645c7 elementor-section-boxed elementor-section-height-default elementor-section-height-default\" data-id=\"9f645c7\" data-element_type=\"section\">\n\t\t\t\t\t\t<div class=\"elementor-container elementor-column-gap-default\">\n\t\t\t\t\t<div class=\"elementor-column elementor-col-33 elementor-top-column elementor-element elementor-element-debf18d\" data-id=\"debf18d\" data-element_type=\"column\">\n\t\t\t<div class=\"elementor-widget-wrap elementor-element-populated\">\n\t\t\t\t\t\t\t\t<div class=\"elementor-element elementor-element-37bae65 animated-fast elementor-invisible elementor-widget elementor-widget-image\" data-id=\"37bae65\" data-element_type=\"widget\" data-settings=\"{&quot;_animation&quot;:&quot;fadeIn&quot;}\" data-widget_type=\"image.default\">\n\t\t\t\t<div class=\"elementor-widget-container\">\n\t\t\t\t\t\t\t\t\t\t\t\t\t\t\t<img decoding=\"async\" width=\"768\" height=\"576\" src=\"https:\/\/ppprint.com.br\/wp-content\/uploads\/2021\/09\/Acabamento-1-768x576.jpg\" class=\"attachment-medium_large size-medium_large wp-image-680\" alt=\"\" loading=\"lazy\" srcset=\"https:\/\/ppprint.com.br\/wp-content\/uploads\/2021\/09\/Acabamento-1-768x576.jpg 768w, https:\/\/ppprint.com.br\/wp-content\/uploads\/2021\/09\/Acabamento-1-300x225.jpg 300w, https:\/\/ppprint.com.br\/wp-content\/uploads\/2021\/09\/Acabamento-1-1024x768.jpg 1024w, https:\/\/ppprint.com.br\/wp-content\/uploads\/2021\/09\/Acabamento-1.jpg 1280w\" sizes=\"(max-width: 768px) 100vw, 768px\" \/>\t\t\t\t\t\t\t\t\t\t\t\t\t\t\t<\/div>\n\t\t\t\t<\/div>\n\t\t\t\t\t<\/div>\n\t\t<\/div>\n\t\t\t\t<div class=\"elementor-column elementor-col-33 elementor-top-column elementor-element elementor-element-c9add93\" data-id=\"c9add93\" data-element_type=\"column\">\n\t\t\t<div class=\"elementor-widget-wrap elementor-element-populated\">\n\t\t\t\t\t\t\t\t<div class=\"elementor-element elementor-element-305f87a animated-fast elementor-invisible elementor-widget elementor-widget-image\" data-id=\"305f87a\" data-element_type=\"widget\" data-settings=\"{&quot;_animation&quot;:&quot;fadeIn&quot;}\" data-widget_type=\"image.default\">\n\t\t\t\t<div class=\"elementor-widget-container\">\n\t\t\t\t\t\t\t\t\t\t\t\t\t\t\t<img decoding=\"async\" src=\"https:\/\/ppprint.com.br\/wp-content\/uploads\/2023\/01\/PPPRINT-FAB-6-scaled.jpg\" title=\"PPPRINT FAB (6)\" alt=\"PPPRINT FAB (6)\" loading=\"lazy\" \/>\t\t\t\t\t\t\t\t\t\t\t\t\t\t\t<\/div>\n\t\t\t\t<\/div>\n\t\t\t\t\t<\/div>\n\t\t<\/div>\n\t\t\t\t<div class=\"elementor-column elementor-col-33 elementor-top-column elementor-element elementor-element-d3e0cb8\" data-id=\"d3e0cb8\" data-element_type=\"column\">\n\t\t\t<div class=\"elementor-widget-wrap elementor-element-populated\">\n\t\t\t\t\t\t\t\t<div class=\"elementor-element elementor-element-0206b00 animated-fast elementor-invisible elementor-widget elementor-widget-image\" data-id=\"0206b00\" data-element_type=\"widget\" data-settings=\"{&quot;_animation&quot;:&quot;fadeIn&quot;,&quot;_animation_delay&quot;:0}\" data-widget_type=\"image.default\">\n\t\t\t\t<div class=\"elementor-widget-container\">\n\t\t\t\t\t\t\t\t\t\t\t\t\t\t\t<img decoding=\"async\" src=\"https:\/\/ppprint.com.br\/wp-content\/uploads\/2021\/09\/Compras.jpg\" title=\"Compras\" alt=\"Compras\" loading=\"lazy\" \/>\t\t\t\t\t\t\t\t\t\t\t\t\t\t\t<\/div>\n\t\t\t\t<\/div>\n\t\t\t\t\t<\/div>\n\t\t<\/div>\n\t\t\t\t\t\t\t<\/div>\n\t\t<\/section>\n\t\t\t\t\t\t\t<\/div>\n\t\t","protected":false},"excerpt":{"rendered":"<p>H\u00e1 mais de 25 anos atendendo grandes marcas no brasil \u00a0A PP Print Embalagens \u00e9 uma empresa fabricante de r\u00f3tulos Roll Label Bopp e embalagens flex\u00edveis para as ind\u00fastrias de bebidas, alimentos e higiene.\u00a0 Atenta as tend\u00eancias do mercado, a PP Print Embalagens investe constantemente em&nbsp;tecnologia, pesquisa e desenvolvimento de produtos e solu\u00e7\u00f5es de qualidade &hellip;<\/p>\n<p class=\"read-more\"> <a class=\"\" href=\"https:\/\/ppprint.com.br\/\"> <span class=\"screen-reader-text\">Home<\/span> Read More &raquo;<\/a><\/p>\n","protected":false},"author":1,"featured_media":0,"parent":0,"menu_order":0,"comment_status":"closed","ping_status":"closed","template":"","meta":{"_monsterinsights_skip_tracking":false,"_monsterinsights_sitenote_active":false,"_monsterinsights_sitenote_note":"","_monsterinsights_sitenote_category":0,"site-sidebar-layout":"no-sidebar","site-content-layout":"page-builder","ast-main-header-display":"","ast-hfb-above-header-display":"","ast-hfb-below-header-display":"","ast-hfb-mobile-header-display":"","site-post-title":"disabled","ast-breadcrumbs-content":"","ast-featured-img":"disabled","footer-sml-layout":"","theme-transparent-header-meta":"enabled","adv-header-id-meta":"","stick-header-meta":"","header-above-stick-meta":"","header-main-stick-meta":"","header-below-stick-meta":""},"_links":{"self":[{"href":"https:\/\/ppprint.com.br\/index.php?rest_route=\/wp\/v2\/pages\/540"}],"collection":[{"href":"https:\/\/ppprint.com.br\/index.php?rest_route=\/wp\/v2\/pages"}],"about":[{"href":"https:\/\/ppprint.com.br\/index.php?rest_route=\/wp\/v2\/types\/page"}],"author":[{"embeddable":true,"href":"https:\/\/ppprint.com.br\/index.php?rest_route=\/wp\/v2\/users\/1"}],"replies":[{"embeddable":true,"href":"https:\/\/ppprint.com.br\/index.php?rest_route=%2Fwp%2Fv2%2Fcomments&post=540"}],"version-history":[{"count":164,"href":"https:\/\/ppprint.com.br\/index.php?rest_route=\/wp\/v2\/pages\/540\/revisions"}],"predecessor-version":[{"id":1685,"href":"https:\/\/ppprint.com.br\/index.php?rest_route=\/wp\/v2\/pages\/540\/revisions\/1685"}],"wp:attachment":[{"href":"https:\/\/ppprint.com.br\/index.php?rest_route=%2Fwp%2Fv2%2Fmedia&parent=540"}],"curies":[{"name":"wp","href":"https:\/\/api.w.org\/{rel}","templated":true}]}}