{"id":1428,"date":"2022-02-18T14:50:09","date_gmt":"2022-02-18T17:50:09","guid":{"rendered":"http:\/\/ppprint.com.br\/?page_id=1428"},"modified":"2023-01-26T15:06:58","modified_gmt":"2023-01-26T18:06:58","slug":"produtos","status":"publish","type":"page","link":"https:\/\/ppprint.com.br\/?page_id=1428","title":{"rendered":"Embalagens para salada"},"content":{"rendered":"\t\t<div data-elementor-type=\"wp-post\" data-elementor-id=\"1428\" class=\"elementor elementor-1428\">\n\t\t\t\t\t\t\t\t\t<section class=\"elementor-section elementor-top-section elementor-element elementor-element-d92fd8c elementor-section-boxed elementor-section-height-default elementor-section-height-default\" data-id=\"d92fd8c\" data-element_type=\"section\">\n\t\t\t\t\t\t<div class=\"elementor-container elementor-column-gap-default\">\n\t\t\t\t\t<div class=\"elementor-column elementor-col-100 elementor-top-column elementor-element elementor-element-1b15aed\" data-id=\"1b15aed\" data-element_type=\"column\">\n\t\t\t<div class=\"elementor-widget-wrap elementor-element-populated\">\n\t\t\t\t\t\t\t\t<div class=\"elementor-element elementor-element-4e814b1 elementor-widget elementor-widget-image\" data-id=\"4e814b1\" data-element_type=\"widget\" data-widget_type=\"image.default\">\n\t\t\t\t<div class=\"elementor-widget-container\">\n\t\t\t<style>\/*! elementor - v3.12.1 - 02-04-2023 *\/\n.elementor-widget-image{text-align:center}.elementor-widget-image a{display:inline-block}.elementor-widget-image a img[src$=\".svg\"]{width:48px}.elementor-widget-image img{vertical-align:middle;display:inline-block}<\/style>\t\t\t\t\t\t\t\t\t\t\t\t<img decoding=\"async\" width=\"2048\" height=\"1367\" src=\"https:\/\/ppprint.com.br\/wp-content\/uploads\/2022\/02\/portrait-of-excited-woman-eating-cooked-healthy-food-salad-with-her-little-daughter-2048x1367.jpg\" class=\"attachment-2048x2048 size-2048x2048 wp-image-1430\" alt=\"\" loading=\"lazy\" srcset=\"https:\/\/ppprint.com.br\/wp-content\/uploads\/2022\/02\/portrait-of-excited-woman-eating-cooked-healthy-food-salad-with-her-little-daughter-2048x1367.jpg 2048w, https:\/\/ppprint.com.br\/wp-content\/uploads\/2022\/02\/portrait-of-excited-woman-eating-cooked-healthy-food-salad-with-her-little-daughter-300x200.jpg 300w, https:\/\/ppprint.com.br\/wp-content\/uploads\/2022\/02\/portrait-of-excited-woman-eating-cooked-healthy-food-salad-with-her-little-daughter-1024x684.jpg 1024w, https:\/\/ppprint.com.br\/wp-content\/uploads\/2022\/02\/portrait-of-excited-woman-eating-cooked-healthy-food-salad-with-her-little-daughter-768x513.jpg 768w, https:\/\/ppprint.com.br\/wp-content\/uploads\/2022\/02\/portrait-of-excited-woman-eating-cooked-healthy-food-salad-with-her-little-daughter-1536x1025.jpg 1536w\" sizes=\"(max-width: 2048px) 100vw, 2048px\" \/>\t\t\t\t\t\t\t\t\t\t\t\t\t\t\t<\/div>\n\t\t\t\t<\/div>\n\t\t\t\t\t<\/div>\n\t\t<\/div>\n\t\t\t\t\t\t\t<\/div>\n\t\t<\/section>\n\t\t\t\t<section class=\"elementor-section elementor-top-section elementor-element elementor-element-74086a3 elementor-section-boxed elementor-section-height-default elementor-section-height-default\" data-id=\"74086a3\" data-element_type=\"section\" data-settings=\"{&quot;background_background&quot;:&quot;classic&quot;}\">\n\t\t\t\t\t\t<div class=\"elementor-container elementor-column-gap-default\">\n\t\t\t\t\t<div class=\"elementor-column elementor-col-100 elementor-top-column elementor-element elementor-element-a8a19a6\" data-id=\"a8a19a6\" data-element_type=\"column\" data-settings=\"{&quot;background_background&quot;:&quot;classic&quot;}\">\n\t\t\t<div class=\"elementor-widget-wrap elementor-element-populated\">\n\t\t\t\t\t\t\t\t<div class=\"elementor-element elementor-element-35f6512 elementor-widget elementor-widget-heading\" data-id=\"35f6512\" data-element_type=\"widget\" data-widget_type=\"heading.default\">\n\t\t\t\t<div class=\"elementor-widget-container\">\n\t\t\t<style>\/*! elementor - v3.12.1 - 02-04-2023 *\/\n.elementor-heading-title{padding:0;margin:0;line-height:1}.elementor-widget-heading .elementor-heading-title[class*=elementor-size-]>a{color:inherit;font-size:inherit;line-height:inherit}.elementor-widget-heading .elementor-heading-title.elementor-size-small{font-size:15px}.elementor-widget-heading .elementor-heading-title.elementor-size-medium{font-size:19px}.elementor-widget-heading .elementor-heading-title.elementor-size-large{font-size:29px}.elementor-widget-heading .elementor-heading-title.elementor-size-xl{font-size:39px}.elementor-widget-heading .elementor-heading-title.elementor-size-xxl{font-size:59px}<\/style><h2 class=\"elementor-heading-title elementor-size-default\">Solu\u00e7\u00f5es em embalagens <br>para verduras processadas<\/h2>\t\t<\/div>\n\t\t\t\t<\/div>\n\t\t\t\t\t<\/div>\n\t\t<\/div>\n\t\t\t\t\t\t\t<\/div>\n\t\t<\/section>\n\t\t\t\t<section class=\"elementor-section elementor-top-section elementor-element elementor-element-54525c6 elementor-section-boxed elementor-section-height-default elementor-section-height-default\" data-id=\"54525c6\" data-element_type=\"section\">\n\t\t\t\t\t\t<div class=\"elementor-container elementor-column-gap-default\">\n\t\t\t\t\t<div class=\"elementor-column elementor-col-100 elementor-top-column elementor-element elementor-element-4e0dbea\" data-id=\"4e0dbea\" data-element_type=\"column\">\n\t\t\t<div class=\"elementor-widget-wrap elementor-element-populated\">\n\t\t\t\t\t\t\t\t<div class=\"elementor-element elementor-element-b9106d4 elementor-widget elementor-widget-text-editor\" data-id=\"b9106d4\" data-element_type=\"widget\" data-widget_type=\"text-editor.default\">\n\t\t\t\t<div class=\"elementor-widget-container\">\n\t\t\t<style>\/*! elementor - v3.12.1 - 02-04-2023 *\/\n.elementor-widget-text-editor.elementor-drop-cap-view-stacked .elementor-drop-cap{background-color:#69727d;color:#fff}.elementor-widget-text-editor.elementor-drop-cap-view-framed .elementor-drop-cap{color:#69727d;border:3px solid;background-color:transparent}.elementor-widget-text-editor:not(.elementor-drop-cap-view-default) .elementor-drop-cap{margin-top:8px}.elementor-widget-text-editor:not(.elementor-drop-cap-view-default) .elementor-drop-cap-letter{width:1em;height:1em}.elementor-widget-text-editor .elementor-drop-cap{float:left;text-align:center;line-height:1;font-size:50px}.elementor-widget-text-editor .elementor-drop-cap-letter{display:inline-block}<\/style>\t\t\t\t<h3><em>Linha Salad<\/em><\/h3><p>A linha de embalagens <b><i>Salad<\/i><\/b> \u00e9 elaborada com filme de polipropileno Bi-orientado (BOPP) que possui maior barreira ao oxig\u00eanio evitando a contamina\u00e7\u00e3o dos alimentos por bact\u00e9rias e fungos.<\/p><h4>Produzida em dois tipos de BOPP:<\/h4><p><b>Filme transparente COEX &#8211;\u00a0<\/b><span style=\"font-size: 14pt; font-family: Calibri; color: #0d0d0d;\">oferece a resist\u00eancia a riscos e rasgos<br \/>necess\u00e1rios ao seu produto. <\/span><span style=\"font-size: 14pt; font-family: Calibri; color: #0d0d0d;\">Gra\u00e7as ao alto <\/span><span style=\"font-size: 14pt; font-family: Calibri; color: #0d0d0d;\">brilho<br \/>e transpar\u00eancia, potencializa a est\u00e9tica do produto embalado.<\/span><\/p><p><b>Filme <\/b><b>Anti-fog<\/b><b> (antiemba\u00e7ante) &#8211;\u00a0<\/b><span style=\"color: #0d0d0d; font-family: Calibri; font-size: 14pt;\">possui propriedades f\u00edsicas que impedem a forma\u00e7\u00e3o de condensa\u00e7\u00e3o no interior da embalagem. Mant\u00e9m seu produto sempre vis\u00edvel mesmo em condi\u00e7\u00f5es de refrigera\u00e7\u00e3o constante.\u00a0<\/span><\/p><h4 style=\"font-size: 20px; font-style: normal;\">Op\u00e7\u00f5es para o mercado:<\/h4><ul style=\"font-size: 20px; font-style: normal; font-weight: 400; text-align: start;\"><li style=\"font-size: 20px;\"><span style=\"font-weight: bold;\">Bobina:\u00a0<\/span>\u00a0em filme liso e impresso;<\/li><li style=\"font-size: 20px;\"><span style=\"font-weight: bold;\">Saco:\u00a0<\/span>pr\u00e9-formado liso e impresso;<\/li><\/ul>\t\t\t\t\t\t<\/div>\n\t\t\t\t<\/div>\n\t\t\t\t\t<\/div>\n\t\t<\/div>\n\t\t\t\t\t\t\t<\/div>\n\t\t<\/section>\n\t\t\t\t<section class=\"elementor-section elementor-top-section elementor-element elementor-element-aa3e28e elementor-section-boxed elementor-section-height-default elementor-section-height-default\" data-id=\"aa3e28e\" data-element_type=\"section\">\n\t\t\t\t\t\t<div class=\"elementor-container elementor-column-gap-default\">\n\t\t\t\t\t<div class=\"elementor-column elementor-col-50 elementor-top-column elementor-element elementor-element-c4c86b3\" data-id=\"c4c86b3\" data-element_type=\"column\">\n\t\t\t<div class=\"elementor-widget-wrap elementor-element-populated\">\n\t\t\t\t\t\t\t\t<div class=\"elementor-element elementor-element-8d9501d elementor-widget elementor-widget-image\" data-id=\"8d9501d\" data-element_type=\"widget\" data-widget_type=\"image.default\">\n\t\t\t\t<div class=\"elementor-widget-container\">\n\t\t\t\t\t\t\t\t\t\t\t\t\t\t\t<img decoding=\"async\" width=\"300\" height=\"300\" src=\"https:\/\/ppprint.com.br\/wp-content\/uploads\/2022\/02\/boopp-300x300.jpg\" class=\"attachment-medium size-medium wp-image-1431\" alt=\"\" loading=\"lazy\" srcset=\"https:\/\/ppprint.com.br\/wp-content\/uploads\/2022\/02\/boopp-300x300.jpg 300w, https:\/\/ppprint.com.br\/wp-content\/uploads\/2022\/02\/boopp-150x150.jpg 150w, https:\/\/ppprint.com.br\/wp-content\/uploads\/2022\/02\/boopp.jpg 370w\" sizes=\"(max-width: 300px) 100vw, 300px\" \/>\t\t\t\t\t\t\t\t\t\t\t\t\t\t\t<\/div>\n\t\t\t\t<\/div>\n\t\t\t\t\t<\/div>\n\t\t<\/div>\n\t\t\t\t<div class=\"elementor-column elementor-col-50 elementor-top-column elementor-element elementor-element-d25bcfc\" data-id=\"d25bcfc\" data-element_type=\"column\">\n\t\t\t<div class=\"elementor-widget-wrap elementor-element-populated\">\n\t\t\t\t\t\t\t\t<div class=\"elementor-element elementor-element-8af9d36 elementor-widget elementor-widget-image\" data-id=\"8af9d36\" data-element_type=\"widget\" data-widget_type=\"image.default\">\n\t\t\t\t<div class=\"elementor-widget-container\">\n\t\t\t\t\t\t\t\t\t\t\t\t\t\t\t<img decoding=\"async\" width=\"282\" height=\"300\" src=\"https:\/\/ppprint.com.br\/wp-content\/uploads\/2022\/02\/Sem-titulo-1MOCKU-282x300.png\" class=\"attachment-medium size-medium wp-image-1432\" alt=\"\" loading=\"lazy\" srcset=\"https:\/\/ppprint.com.br\/wp-content\/uploads\/2022\/02\/Sem-titulo-1MOCKU-282x300.png 282w, https:\/\/ppprint.com.br\/wp-content\/uploads\/2022\/02\/Sem-titulo-1MOCKU-964x1024.png 964w, https:\/\/ppprint.com.br\/wp-content\/uploads\/2022\/02\/Sem-titulo-1MOCKU-768x816.png 768w, https:\/\/ppprint.com.br\/wp-content\/uploads\/2022\/02\/Sem-titulo-1MOCKU.png 1169w\" sizes=\"(max-width: 282px) 100vw, 282px\" \/>\t\t\t\t\t\t\t\t\t\t\t\t\t\t\t<\/div>\n\t\t\t\t<\/div>\n\t\t\t\t\t<\/div>\n\t\t<\/div>\n\t\t\t\t\t\t\t<\/div>\n\t\t<\/section>\n\t\t\t\t<section class=\"elementor-section elementor-top-section elementor-element elementor-element-a9a1d93 elementor-section-boxed elementor-section-height-default elementor-section-height-default\" data-id=\"a9a1d93\" data-element_type=\"section\">\n\t\t\t\t\t\t<div class=\"elementor-container elementor-column-gap-default\">\n\t\t\t\t\t<div class=\"elementor-column elementor-col-100 elementor-top-column elementor-element elementor-element-b490631\" data-id=\"b490631\" data-element_type=\"column\">\n\t\t\t<div class=\"elementor-widget-wrap elementor-element-populated\">\n\t\t\t\t\t\t\t\t<div class=\"elementor-element elementor-element-edd021e elementor-widget elementor-widget-heading\" data-id=\"edd021e\" data-element_type=\"widget\" data-widget_type=\"heading.default\">\n\t\t\t\t<div class=\"elementor-widget-container\">\n\t\t\t<h2 class=\"elementor-heading-title elementor-size-default\">Seguran\u00e7a alimentar<\/h2>\t\t<\/div>\n\t\t\t\t<\/div>\n\t\t\t\t\t<\/div>\n\t\t<\/div>\n\t\t\t\t\t\t\t<\/div>\n\t\t<\/section>\n\t\t\t\t<section class=\"elementor-section elementor-top-section elementor-element elementor-element-7710287 elementor-section-content-space-between elementor-section-boxed elementor-section-height-default elementor-section-height-default\" data-id=\"7710287\" data-element_type=\"section\">\n\t\t\t\t\t\t<div class=\"elementor-container elementor-column-gap-default\">\n\t\t\t\t\t<div class=\"elementor-column elementor-col-100 elementor-top-column elementor-element elementor-element-1fbac52\" data-id=\"1fbac52\" data-element_type=\"column\">\n\t\t\t<div class=\"elementor-widget-wrap elementor-element-populated\">\n\t\t\t\t\t\t\t\t<div class=\"elementor-element elementor-element-ad39704 elementor-widget elementor-widget-text-editor\" data-id=\"ad39704\" data-element_type=\"widget\" data-widget_type=\"text-editor.default\">\n\t\t\t\t<div class=\"elementor-widget-container\">\n\t\t\t\t\t\t\t<p>A PP Print \u00e9 uma das poucas f\u00e1bricas de embalagens para alimentos no Brasil com a <b>certifica\u00e7\u00e3o ISO 22000<\/b> &#8211; refer\u00eancia em seguran\u00e7a do alimento.<span style=\"font-size: 1.25rem; font-style: inherit; font-weight: bold; font-family: Montserrat, sans-serif;\">\u00a0 \u00a0 \u00a0 \u00a0 \u00a0 \u00a0 \u00a0 \u00a0 \u00a0 \u00a0 \u00a0 \u00a0 \u00a0 \u00a0 \u00a0 \u00a0 \u00a0 \u00a0 \u00a0 \u00a0\u00a0<\/span><\/p>\t\t\t\t\t\t<\/div>\n\t\t\t\t<\/div>\n\t\t\t\t\t<\/div>\n\t\t<\/div>\n\t\t\t\t\t\t\t<\/div>\n\t\t<\/section>\n\t\t\t\t<section class=\"elementor-section elementor-top-section elementor-element elementor-element-57aa3c3 elementor-section-boxed elementor-section-height-default elementor-section-height-default\" data-id=\"57aa3c3\" data-element_type=\"section\" data-settings=\"{&quot;background_background&quot;:&quot;classic&quot;}\">\n\t\t\t\t\t\t<div class=\"elementor-container elementor-column-gap-default\">\n\t\t\t\t\t<div class=\"elementor-column elementor-col-100 elementor-top-column elementor-element elementor-element-449bafe\" data-id=\"449bafe\" data-element_type=\"column\" data-settings=\"{&quot;background_background&quot;:&quot;classic&quot;}\">\n\t\t\t<div class=\"elementor-widget-wrap elementor-element-populated\">\n\t\t\t\t\t\t\t\t<div class=\"elementor-element elementor-element-09a40e3 elementor-widget elementor-widget-text-editor\" data-id=\"09a40e3\" data-element_type=\"widget\" data-widget_type=\"text-editor.default\">\n\t\t\t\t<div class=\"elementor-widget-container\">\n\t\t\t\t\t\t\t<h4>Seu alimento\u00a0seguro e livre de contamina\u00e7\u00e3o.<b>\u00a0\u00a0<\/b><\/h4>\t\t\t\t\t\t<\/div>\n\t\t\t\t<\/div>\n\t\t\t\t\t<\/div>\n\t\t<\/div>\n\t\t\t\t\t\t\t<\/div>\n\t\t<\/section>\n\t\t\t\t<section class=\"elementor-section elementor-top-section elementor-element elementor-element-c6bd08f elementor-section-boxed elementor-section-height-default elementor-section-height-default\" data-id=\"c6bd08f\" data-element_type=\"section\">\n\t\t\t\t\t\t<div class=\"elementor-container elementor-column-gap-default\">\n\t\t\t\t\t<div class=\"elementor-column elementor-col-50 elementor-top-column elementor-element elementor-element-98ba1b4\" data-id=\"98ba1b4\" data-element_type=\"column\">\n\t\t\t<div class=\"elementor-widget-wrap elementor-element-populated\">\n\t\t\t\t\t\t\t\t<div class=\"elementor-element elementor-element-4fb70b8 elementor-widget elementor-widget-image\" data-id=\"4fb70b8\" data-element_type=\"widget\" data-widget_type=\"image.default\">\n\t\t\t\t<div class=\"elementor-widget-container\">\n\t\t\t\t\t\t\t\t\t\t\t\t\t\t\t<img decoding=\"async\" width=\"283\" height=\"213\" src=\"https:\/\/ppprint.com.br\/wp-content\/uploads\/2022\/02\/Imagem4-1.jpg\" class=\"attachment-medium size-medium wp-image-1460\" alt=\"\" loading=\"lazy\" \/>\t\t\t\t\t\t\t\t\t\t\t\t\t\t\t<\/div>\n\t\t\t\t<\/div>\n\t\t\t\t\t<\/div>\n\t\t<\/div>\n\t\t\t\t<div class=\"elementor-column elementor-col-50 elementor-top-column elementor-element elementor-element-7453c65\" data-id=\"7453c65\" data-element_type=\"column\">\n\t\t\t<div class=\"elementor-widget-wrap elementor-element-populated\">\n\t\t\t\t\t\t\t\t<div class=\"elementor-element elementor-element-7baad59 elementor-widget elementor-widget-image\" data-id=\"7baad59\" data-element_type=\"widget\" data-widget_type=\"image.default\">\n\t\t\t\t<div class=\"elementor-widget-container\">\n\t\t\t\t\t\t\t\t\t\t\t\t\t\t\t<img decoding=\"async\" width=\"300\" height=\"228\" src=\"https:\/\/ppprint.com.br\/wp-content\/uploads\/2022\/02\/Imagem4-300x228.jpg\" class=\"attachment-medium size-medium wp-image-1433\" alt=\"\" loading=\"lazy\" srcset=\"https:\/\/ppprint.com.br\/wp-content\/uploads\/2022\/02\/Imagem4-300x228.jpg 300w, https:\/\/ppprint.com.br\/wp-content\/uploads\/2022\/02\/Imagem4.jpg 415w\" sizes=\"(max-width: 300px) 100vw, 300px\" \/>\t\t\t\t\t\t\t\t\t\t\t\t\t\t\t<\/div>\n\t\t\t\t<\/div>\n\t\t\t\t\t<\/div>\n\t\t<\/div>\n\t\t\t\t\t\t\t<\/div>\n\t\t<\/section>\n\t\t\t\t<section class=\"elementor-section elementor-top-section elementor-element elementor-element-59e8f44 elementor-section-boxed elementor-section-height-default elementor-section-height-default\" data-id=\"59e8f44\" data-element_type=\"section\">\n\t\t\t\t\t\t<div class=\"elementor-container elementor-column-gap-default\">\n\t\t\t\t\t<div class=\"elementor-column elementor-col-50 elementor-top-column elementor-element elementor-element-cc981bc\" data-id=\"cc981bc\" data-element_type=\"column\">\n\t\t\t<div class=\"elementor-widget-wrap elementor-element-populated\">\n\t\t\t\t\t\t\t\t<div class=\"elementor-element elementor-element-13daab2 elementor-widget elementor-widget-heading\" data-id=\"13daab2\" data-element_type=\"widget\" data-widget_type=\"heading.default\">\n\t\t\t\t<div class=\"elementor-widget-container\">\n\t\t\t<h2 class=\"elementor-heading-title elementor-size-default\"><span style=\"background-color: rgb(253, 253, 253); font-family: Arial, sans-serif; font-size: 2.5rem; text-align: center;\">CONTROLE DE QUALIDADE<\/span><\/h2>\t\t<\/div>\n\t\t\t\t<\/div>\n\t\t\t\t\t<\/div>\n\t\t<\/div>\n\t\t\t\t<div class=\"elementor-column elementor-col-50 elementor-top-column elementor-element elementor-element-4d76e1b\" data-id=\"4d76e1b\" data-element_type=\"column\">\n\t\t\t<div class=\"elementor-widget-wrap elementor-element-populated\">\n\t\t\t\t\t\t\t\t<div class=\"elementor-element elementor-element-5abe140 elementor-widget elementor-widget-heading\" data-id=\"5abe140\" data-element_type=\"widget\" data-widget_type=\"heading.default\">\n\t\t\t\t<div class=\"elementor-widget-container\">\n\t\t\t<h2 class=\"elementor-heading-title elementor-size-default\">Qualidade de impress\u00e3o<\/h2>\t\t<\/div>\n\t\t\t\t<\/div>\n\t\t\t\t\t<\/div>\n\t\t<\/div>\n\t\t\t\t\t\t\t<\/div>\n\t\t<\/section>\n\t\t\t\t<section class=\"elementor-section elementor-top-section elementor-element elementor-element-e7fc1b5 elementor-section-boxed elementor-section-height-default elementor-section-height-default\" data-id=\"e7fc1b5\" data-element_type=\"section\">\n\t\t\t\t\t\t<div class=\"elementor-container elementor-column-gap-default\">\n\t\t\t\t\t<div class=\"elementor-column elementor-col-50 elementor-top-column elementor-element elementor-element-dbbdd0c\" data-id=\"dbbdd0c\" data-element_type=\"column\">\n\t\t\t<div class=\"elementor-widget-wrap elementor-element-populated\">\n\t\t\t\t\t\t\t\t<div class=\"elementor-element elementor-element-86c0753 elementor-widget elementor-widget-text-editor\" data-id=\"86c0753\" data-element_type=\"widget\" data-widget_type=\"text-editor.default\">\n\t\t\t\t<div class=\"elementor-widget-container\">\n\t\t\t\t\t\t\t<p><span style=\"font-style: inherit; font-weight: inherit;\">Desde a mat\u00e9ria-prima at\u00e9 o produto final, todo o processo passa por uma s\u00e9rie de testes que garantem a qualidade da sua embalagem.<\/span><\/p><h4><b>\u00a0 \u00a0 \u00a0 \u00a0 \u00a0 \u00a0 \u00a0 \u00a0 \u00a0Produto cuidadosamente avaliado.<\/b><\/h4>\t\t\t\t\t\t<\/div>\n\t\t\t\t<\/div>\n\t\t\t\t\t<\/div>\n\t\t<\/div>\n\t\t\t\t<div class=\"elementor-column elementor-col-50 elementor-top-column elementor-element elementor-element-c05c0ff\" data-id=\"c05c0ff\" data-element_type=\"column\">\n\t\t\t<div class=\"elementor-widget-wrap elementor-element-populated\">\n\t\t\t\t\t\t\t\t<div class=\"elementor-element elementor-element-6189595 elementor-widget elementor-widget-text-editor\" data-id=\"6189595\" data-element_type=\"widget\" data-widget_type=\"text-editor.default\">\n\t\t\t\t<div class=\"elementor-widget-container\">\n\t\t\t\t\t\t\t<p>A estrutura industrial da PP Print Embalagens re\u00fane modernos equipamentos e maquin\u00e1rios na pr\u00e9-impress\u00e3o, impress\u00e3o e acabamento.<\/p>\n<h4><b>&nbsp; &nbsp; &nbsp; &nbsp; &nbsp;Garantia de embalagens com alta qualidade de impress\u00e3o.<\/b><\/h4>\n<p><\/p>\t\t\t\t\t\t<\/div>\n\t\t\t\t<\/div>\n\t\t\t\t\t<\/div>\n\t\t<\/div>\n\t\t\t\t\t\t\t<\/div>\n\t\t<\/section>\n\t\t\t\t\t\t\t<\/div>\n\t\t","protected":false},"excerpt":{"rendered":"<p>Solu\u00e7\u00f5es em embalagens para verduras processadas Linha Salad A linha de embalagens Salad \u00e9 elaborada com filme de polipropileno Bi-orientado (BOPP) que possui maior barreira ao oxig\u00eanio evitando a contamina\u00e7\u00e3o dos alimentos por bact\u00e9rias e fungos. Produzida em dois tipos de BOPP: Filme transparente COEX &#8211;\u00a0oferece a resist\u00eancia a riscos e rasgosnecess\u00e1rios ao seu produto. &hellip;<\/p>\n<p class=\"read-more\"> <a class=\"\" href=\"https:\/\/ppprint.com.br\/?page_id=1428\"> <span class=\"screen-reader-text\">Embalagens para salada<\/span> Read More &raquo;<\/a><\/p>\n","protected":false},"author":2,"featured_media":0,"parent":542,"menu_order":2,"comment_status":"closed","ping_status":"closed","template":"","meta":{"_monsterinsights_skip_tracking":false,"_monsterinsights_sitenote_active":false,"_monsterinsights_sitenote_note":"","_monsterinsights_sitenote_category":0,"site-sidebar-layout":"no-sidebar","site-content-layout":"page-builder","ast-main-header-display":"","ast-hfb-above-header-display":"","ast-hfb-below-header-display":"","ast-hfb-mobile-header-display":"","site-post-title":"disabled","ast-breadcrumbs-content":"","ast-featured-img":"disabled","footer-sml-layout":"","theme-transparent-header-meta":"enabled","adv-header-id-meta":"","stick-header-meta":"","header-above-stick-meta":"","header-main-stick-meta":"","header-below-stick-meta":""},"_links":{"self":[{"href":"https:\/\/ppprint.com.br\/index.php?rest_route=\/wp\/v2\/pages\/1428"}],"collection":[{"href":"https:\/\/ppprint.com.br\/index.php?rest_route=\/wp\/v2\/pages"}],"about":[{"href":"https:\/\/ppprint.com.br\/index.php?rest_route=\/wp\/v2\/types\/page"}],"author":[{"embeddable":true,"href":"https:\/\/ppprint.com.br\/index.php?rest_route=\/wp\/v2\/users\/2"}],"replies":[{"embeddable":true,"href":"https:\/\/ppprint.com.br\/index.php?rest_route=%2Fwp%2Fv2%2Fcomments&post=1428"}],"version-history":[{"count":20,"href":"https:\/\/ppprint.com.br\/index.php?rest_route=\/wp\/v2\/pages\/1428\/revisions"}],"predecessor-version":[{"id":1680,"href":"https:\/\/ppprint.com.br\/index.php?rest_route=\/wp\/v2\/pages\/1428\/revisions\/1680"}],"up":[{"embeddable":true,"href":"https:\/\/ppprint.com.br\/index.php?rest_route=\/wp\/v2\/pages\/542"}],"wp:attachment":[{"href":"https:\/\/ppprint.com.br\/index.php?rest_route=%2Fwp%2Fv2%2Fmedia&parent=1428"}],"curies":[{"name":"wp","href":"https:\/\/api.w.org\/{rel}","templated":true}]}}